{"id":2206,"date":"2025-09-01T14:06:24","date_gmt":"2025-09-01T14:06:24","guid":{"rendered":"https:\/\/psytales.eu\/le-bien-etre-en-classe\/"},"modified":"2026-03-11T14:49:50","modified_gmt":"2026-03-11T14:49:50","slug":"le-bien-etre-en-classe","status":"publish","type":"page","link":"https:\/\/psytales.eu\/fr\/le-bien-etre-en-classe\/","title":{"rendered":"Le bien-\u00eatre en classe"},"content":{"rendered":"<p>[et_pb_section fb_built=\u00a0\u00bb1&Prime; _builder_version=\u00a0\u00bb4.27.4&Prime; _module_preset=\u00a0\u00bbdefault\u00a0\u00bb background_color=\u00a0\u00bbrgba(194,101,164,0.5)\u00a0\u00bb locked=\u00a0\u00bboff\u00a0\u00bb global_colors_info=\u00a0\u00bb{}\u00a0\u00bb][et_pb_row column_structure=\u00a0\u00bb3_5,2_5&Prime; _builder_version=\u00a0\u00bb4.27.4&Prime; _module_preset=\u00a0\u00bbdefault\u00a0\u00bb global_colors_info=\u00a0\u00bb{}\u00a0\u00bb][et_pb_column type=\u00a0\u00bb3_5&Prime; _builder_version=\u00a0\u00bb4.27.4&Prime; _module_preset=\u00a0\u00bbdefault\u00a0\u00bb global_colors_info=\u00a0\u00bb{}\u00a0\u00bb][et_pb_text _builder_version=\u00a0\u00bb4.27.4&Prime; _module_preset=\u00a0\u00bbdefault\u00a0\u00bb global_colors_info=\u00a0\u00bb{}\u00a0\u00bb]<\/p>\n<h1>Le bien-\u00eatre en classe<\/h1>\n<p>[\/et_pb_text][et_pb_text _builder_version=\u00a0\u00bb4.27.4&Prime; _module_preset=\u00a0\u00bbdefault\u00a0\u00bb text_font_size=\u00a0\u00bb1.1em\u00a0\u00bb global_colors_info=\u00a0\u00bb{}\u00a0\u00bb]<\/p>\n<p><b data-stringify-type=\"bold\">Rapport d&rsquo;analyse des pratiques europ\u00e9ennes <\/b><br aria-hidden=\"true\"><span>Le Rapport d\u2019analyse des pratiques europ\u00e9ennes rassemble des recherches sur le bien-\u00eatre et la sant\u00e9 mentale \u00e0 l\u2019\u00e9cole dans plusieurs pays europ\u00e9ens, dont la Belgique, la France, la Gr\u00e8ce, l\u2019Irlande et la Lituanie. S\u2019appuyant sur le cadre europ\u00e9en LifeComp 2020, il examine des comp\u00e9tences cl\u00e9s telles que l\u2019autor\u00e9gulation, la flexibilit\u00e9, le bien-\u00eatre, l\u2019empathie, la communication, la collaboration, l\u2019\u00e9tat d\u2019esprit de d\u00e9veloppement, la pens\u00e9e critique, la gestion des apprentissages et la sant\u00e9.<br \/>Plus important encore, le rapport fournit des recommandations sur la mani\u00e8re dont ces comp\u00e9tences peuvent \u00eatre encourag\u00e9es en classe pour soutenir le bien-\u00eatre des \u00e9l\u00e8ves. Le rapport est \u00e9galement une compilation des r\u00e9sultats nationaux et des bonnes pratiques, ainsi qu\u2019un outil pour comparer les approches, identifier les besoins communs en Europe et d\u00e9finir des strat\u00e9gies transf\u00e9rables dans diff\u00e9rents contextes.<br \/>Il peut \u00eatre utilis\u00e9 par les enseignants, les d\u00e9cideurs politiques et les partenaires du projet comme base th\u00e9orique et pratique pour concevoir des initiatives en faveur du bien-\u00eatre des \u00e9l\u00e8ves, en veillant \u00e0 ce que les interventions soient \u00e0 la fois fond\u00e9es sur des donn\u00e9es probantes et adapt\u00e9es \u00e0 des environnements \u00e9ducatifs vari\u00e9s.    <\/span><\/p>\n<p>[\/et_pb_text][\/et_pb_column][et_pb_column type=\u00a0\u00bb2_5&Prime; _builder_version=\u00a0\u00bb4.27.4&Prime; _module_preset=\u00a0\u00bbdefault\u00a0\u00bb global_colors_info=\u00a0\u00bb{}\u00a0\u00bb][et_pb_image src=\u00a0\u00bbhttps:\/\/psytales.eu\/wp-content\/uploads\/2025\/09\/Capture-decran-2025-09-23-a-16.24.58.png\u00a0\u00bb url=\u00a0\u00bbhttps:\/\/psytales.eu\/wp-content\/uploads\/2025\/09\/FR-EPAR.pdf\u00a0\u00bb url_new_window=\u00a0\u00bbon\u00a0\u00bb _builder_version=\u00a0\u00bb4.27.5&Prime; _module_preset=\u00a0\u00bbdefault\u00a0\u00bb hover_enabled=\u00a0\u00bb0&Prime; global_colors_info=\u00a0\u00bb{}\u00a0\u00bb sticky_enabled=\u00a0\u00bb0&Prime; alt=\u00a0\u00bbImage de couverture du rapport d&#039;analyse des pratiques europ\u00e9ennes\u00a0\u00bb][\/et_pb_image][\/et_pb_column][\/et_pb_row][et_pb_row column_structure=\u00a0\u00bb3_5,2_5&Prime; _builder_version=\u00a0\u00bb4.27.4&Prime; _module_preset=\u00a0\u00bbdefault\u00a0\u00bb global_colors_info=\u00a0\u00bb{}\u00a0\u00bb][et_pb_column type=\u00a0\u00bb3_5&Prime; _builder_version=\u00a0\u00bb4.27.4&Prime; _module_preset=\u00a0\u00bbdefault\u00a0\u00bb global_colors_info=\u00a0\u00bb{}\u00a0\u00bb][et_pb_text _builder_version=\u00a0\u00bb4.27.4&Prime; _module_preset=\u00a0\u00bbdefault\u00a0\u00bb text_font_size=\u00a0\u00bb1.1em\u00a0\u00bb global_colors_info=\u00a0\u00bb{}\u00a0\u00bb]<\/p>\n<p><strong>La th\u00e9orie rencontre la pratique&nbsp;: introduire la sant\u00e9 et le bien-\u00eatre dans la salle de classe<\/strong><\/p>\n<p data-start=\"0\" data-end=\"659\">Ce manuel explore la mani\u00e8re dont les \u00e9coles et, plus largement, le secteur de l\u2019\u00e9ducation peuvent contribuer \u00e0 un meilleur soutien de la sant\u00e9 mentale des enfants et des adolescents. Face \u00e0 des d\u00e9fis croissants chez les jeunes \u2014 li\u00e9s aux \u00e9volutions sociales, environnementales et num\u00e9riques \u2014 les \u00e9l\u00e8ves ont de plus en plus besoin de syst\u00e8mes de soutien fiables. La recherche montre que les interventions en faveur du bien-\u00eatre mises en place \u00e0 l\u2019\u00e9cole peuvent am\u00e9liorer la sant\u00e9 mentale, r\u00e9duire les difficult\u00e9s comportementales et renforcer des comp\u00e9tences cl\u00e9s telles que les strat\u00e9gies d\u2019adaptation, la r\u00e9gulation \u00e9motionnelle et la r\u00e9silience. Il est important de souligner que ces approches ne sont pas uniquement utiles pour les \u00e9l\u00e8ves d\u00e9j\u00e0 en difficult\u00e9&nbsp;: elles peuvent aussi aider chaque apprenant \u00e0 se sentir mieux soutenu et \u00e0 s\u2019\u00e9panouir.   <\/p>\n<p data-start=\"661\" data-end=\"1318\" data-is-last-node=\"\" data-is-only-node=\"\">Le manuel est con\u00e7u comme une ressource pratique \u00e0 destination des professionnels de l\u2019\u00e9ducation. Il rassemble des exemples de pratiques de bien-\u00eatre mises en \u0153uvre dans des \u00e9coles en Irlande, en France, en Gr\u00e8ce et en Lituanie, offrant \u00e0 la fois de l\u2019inspiration et des pistes concr\u00e8tes pour les adapter \u00e0 diff\u00e9rents contextes. Il met \u00e9galement en lumi\u00e8re l\u2019importance de la collaboration entre les \u00e9coles, les familles, les services de sant\u00e9 et d\u2019autres institutions, car un soutien pluridisciplinaire peut am\u00e9liorer les r\u00e9sultats et rendre les interventions plus efficaces. Que vous souhaitiez tester quelques activit\u00e9s dans une seule classe ou d\u00e9velopper une approche structur\u00e9e \u00e0 l\u2019\u00e9chelle de l\u2019\u00e9tablissement, ce manuel propose des outils et des orientations pour vous aider \u00e0 passer \u00e0 l\u2019action.   <\/p>\n<p>[\/et_pb_text][\/et_pb_column][et_pb_column type=\u00a0\u00bb2_5&Prime; _builder_version=\u00a0\u00bb4.27.4&Prime; _module_preset=\u00a0\u00bbdefault\u00a0\u00bb global_colors_info=\u00a0\u00bb{}\u00a0\u00bb][et_pb_image src=\u00a0\u00bbhttps:\/\/psytales.eu\/wp-content\/uploads\/2025\/12\/theory-meets-practice-WP2A2-FR-1.png\u00a0\u00bb url=\u00a0\u00bbhttps:\/\/psytales.eu\/wp-content\/uploads\/2025\/12\/FR-Wellbeing-in-the-Classroom.pdf\u00a0\u00bb url_new_window=\u00a0\u00bbon\u00a0\u00bb _builder_version=\u00a0\u00bb4.27.5&Prime; _module_preset=\u00a0\u00bbdefault\u00a0\u00bb hover_enabled=\u00a0\u00bb0&Prime; global_colors_info=\u00a0\u00bb{}\u00a0\u00bb sticky_enabled=\u00a0\u00bb0&Prime; alt=\u00a0\u00bbImage de couverture du guide \u00ab&nbsp;La th\u00e9orie rencontre la pratique&nbsp;: introduire la sant\u00e9 et le bien-\u00eatre dans la salle de classe&nbsp;\u00bb\u00a0\u00bb][\/et_pb_image][\/et_pb_column][\/et_pb_row][\/et_pb_section]<\/p>","protected":false},"excerpt":{"rendered":"<p>Le bien-\u00eatre en classeRapport d&rsquo;analyse des pratiques europ\u00e9ennes Le Rapport d\u2019analyse des pratiques europ\u00e9ennes rassemble des recherches sur le bien-\u00eatre et la sant\u00e9 mentale \u00e0 l\u2019\u00e9cole dans plusieurs pays europ\u00e9ens, dont la Belgique, la France, la Gr\u00e8ce, l\u2019Irlande et la Lituanie. S\u2019appuyant sur le cadre europ\u00e9en LifeComp 2020, il examine des comp\u00e9tences cl\u00e9s telles que [&hellip;]<\/p>","protected":false},"author":2,"featured_media":0,"parent":0,"menu_order":0,"comment_status":"closed","ping_status":"closed","template":"","meta":{"_acf_changed":false,"_et_pb_use_builder":"on","_et_pb_old_content":"","_et_gb_content_width":"","footnotes":""},"class_list":["post-2206","page","type-page","status-publish","hentry"],"acf":[],"_links":{"self":[{"href":"https:\/\/psytales.eu\/fr\/wp-json\/wp\/v2\/pages\/2206","targetHints":{"allow":["GET"]}}],"collection":[{"href":"https:\/\/psytales.eu\/fr\/wp-json\/wp\/v2\/pages"}],"about":[{"href":"https:\/\/psytales.eu\/fr\/wp-json\/wp\/v2\/types\/page"}],"author":[{"embeddable":true,"href":"https:\/\/psytales.eu\/fr\/wp-json\/wp\/v2\/users\/2"}],"replies":[{"embeddable":true,"href":"https:\/\/psytales.eu\/fr\/wp-json\/wp\/v2\/comments?post=2206"}],"version-history":[{"count":54,"href":"https:\/\/psytales.eu\/fr\/wp-json\/wp\/v2\/pages\/2206\/revisions"}],"predecessor-version":[{"id":3273,"href":"https:\/\/psytales.eu\/fr\/wp-json\/wp\/v2\/pages\/2206\/revisions\/3273"}],"wp:attachment":[{"href":"https:\/\/psytales.eu\/fr\/wp-json\/wp\/v2\/media?parent=2206"}],"curies":[{"name":"wp","href":"https:\/\/api.w.org\/{rel}","templated":true}]}}