{"id":3376,"date":"2026-04-30T09:22:24","date_gmt":"2026-04-30T09:22:24","guid":{"rendered":"https:\/\/psytales.eu\/le-livre-blanc-du-projet\/"},"modified":"2026-04-30T09:36:31","modified_gmt":"2026-04-30T09:36:31","slug":"le-livre-blanc-du-projet","status":"publish","type":"page","link":"https:\/\/psytales.eu\/fr\/le-livre-blanc-du-projet\/","title":{"rendered":"Le livre blanc du projet"},"content":{"rendered":"<p>[et_pb_section fb_built=\u00a0\u00bb1&Prime; _builder_version=\u00a0\u00bb4.27.4&Prime; _module_preset=\u00a0\u00bbdefault\u00a0\u00bb background_color=\u00a0\u00bbrgba(194,101,164,0.5)\u00a0\u00bb locked=\u00a0\u00bboff\u00a0\u00bb global_colors_info=\u00a0\u00bb{}\u00a0\u00bb][et_pb_row column_structure=\u00a0\u00bb3_5,2_5&Prime; _builder_version=\u00a0\u00bb4.27.4&Prime; _module_preset=\u00a0\u00bbdefault\u00a0\u00bb global_colors_info=\u00a0\u00bb{}\u00a0\u00bb][et_pb_column type=\u00a0\u00bb3_5&Prime; _builder_version=\u00a0\u00bb4.27.4&Prime; _module_preset=\u00a0\u00bbdefault\u00a0\u00bb global_colors_info=\u00a0\u00bb{}\u00a0\u00bb][et_pb_text _builder_version=\u00a0\u00bb4.27.6&Prime; _module_preset=\u00a0\u00bbdefault\u00a0\u00bb global_colors_info=\u00a0\u00bb{}\u00a0\u00bb]<\/p>\n<h1>Le livre blanc du projet<\/h1>\n<p>[\/et_pb_text][et_pb_text _builder_version=\u00a0\u00bb4.27.6&Prime; _module_preset=\u00a0\u00bbdefault\u00a0\u00bb text_font_size=\u00a0\u00bb1.1em\u00a0\u00bb global_colors_info=\u00a0\u00bb{}\u00a0\u00bb]<\/p>\n<p data-start=\"84\" data-end=\"509\">Le projet PsyTales explore la mani\u00e8re dont le r\u00e9cit peut soutenir le d\u00e9veloppement du bien-\u00eatre et de la r\u00e9silience \u00e9motionnelle chez les \u00e9l\u00e8ves du primaire. \u00c0 travers la cr\u00e9ation de contes et de ressources p\u00e9dagogiques d\u00e9di\u00e9es, le projet a accord\u00e9 une place centrale \u00e0 l\u2019exp\u00e9rimentation en conditions r\u00e9elles, en testant ces outils dans divers contextes \u00e9ducatifs en Europe (Irlande, Belgique, France, Gr\u00e8ce et Lituanie). <\/p>\n<p data-start=\"511\" data-end=\"859\">Ce livre blanc pr\u00e9sente les principaux enseignements issus de ce processus. Il combine <strong>une analyse des activit\u00e9s<\/strong> men\u00e9es dans les pays partenaires et <strong>une s\u00e9lection de bonnes pratiques<\/strong> identifi\u00e9es sur le terrain. En croisant des donn\u00e9es qualitatives et quantitatives, il met en \u00e9vidence ce qui fonctionne concr\u00e8tement, dans quelles conditions et pour quels publics.  <\/p>\n<p data-start=\"861\" data-end=\"1268\">Une attention particuli\u00e8re est port\u00e9e \u00e0 l\u2019identification et \u00e0 la documentation des \u00ab&nbsp;bonnes pratiques&nbsp;\u00bb, entendues comme des approches p\u00e9dagogiques ayant d\u00e9montr\u00e9 leur efficacit\u00e9 en situation r\u00e9elle. Le document analyse la mani\u00e8re dont les activit\u00e9s les plus abouties ont \u00e9t\u00e9 con\u00e7ues, mises en \u0153uvre et \u00e9valu\u00e9es, afin d\u2019aider les enseignants et les professionnels de l\u2019\u00e9ducation \u00e0 s\u2019approprier la m\u00e9thodologie et \u00e0 adapter les ressources \u00e0 leurs propres contextes. <\/p>\n<p data-start=\"1270\" data-end=\"1672\">La phase d\u2019exp\u00e9rimentation a \u00e9galement permis d\u2019identifier \u00e0 la fois des points communs et des sp\u00e9cificit\u00e9s r\u00e9gionales dans les approches \u00e9ducatives des pays partenaires. Parmi les pratiques analys\u00e9es figurent notamment la lecture individuelle associ\u00e9e \u00e0 des discussions collectives, les activit\u00e9s de gestion du stress, les cercles de parole favorisant l\u2019empathie, ainsi que des approches int\u00e9gr\u00e9es combinant r\u00e9cit, jeu, discussion et expression cr\u00e9ative. <\/p>\n<p>[\/et_pb_text][\/et_pb_column][et_pb_column type=\u00a0\u00bb2_5&Prime; _builder_version=\u00a0\u00bb4.27.4&Prime; _module_preset=\u00a0\u00bbdefault\u00a0\u00bb global_colors_info=\u00a0\u00bb{}\u00a0\u00bb][et_pb_image src=\u00a0\u00bbhttps:\/\/psytales.eu\/wp-content\/uploads\/2026\/04\/FR-White-Paper-best-practices-analysis-report-1-pdf.jpg\u00a0\u00bb alt=\u00a0\u00bbImage de couverture du livret p\u00e9dagogique\u00a0\u00bb title_text=\u00a0\u00bbFR &#8211; White Paper &#8211; best practices + analysis report\u00a0\u00bb url=\u00a0\u00bb@ET-DC@eyJkeW5hbWljIjp0cnVlLCJjb250ZW50IjoicG9zdF9saW5rX3VybF9hdHRhY2htZW50Iiwic2V0dGluZ3MiOnsicG9zdF9pZCI6IjMzNzAifX0=@\u00a0\u00bb url_new_window=\u00a0\u00bbon\u00a0\u00bb _builder_version=\u00a0\u00bb4.27.6&Prime; _dynamic_attributes=\u00a0\u00bburl\u00a0\u00bb _module_preset=\u00a0\u00bbdefault\u00a0\u00bb max_width=\u00a0\u00bb250px\u00a0\u00bb module_alignment=\u00a0\u00bbcenter\u00a0\u00bb hover_enabled=\u00a0\u00bb0&Prime; border_radii=\u00a0\u00bbon|5px|5px|5px|5px\u00a0\u00bb global_colors_info=\u00a0\u00bb{}\u00a0\u00bb sticky_enabled=\u00a0\u00bb0&Prime;][\/et_pb_image][\/et_pb_column][\/et_pb_row][\/et_pb_section]<\/p>","protected":false},"excerpt":{"rendered":"<p>Le livre blanc du projetLe projet PsyTales explore la mani\u00e8re dont le r\u00e9cit peut soutenir le d\u00e9veloppement du bien-\u00eatre et de la r\u00e9silience \u00e9motionnelle chez les \u00e9l\u00e8ves du primaire. \u00c0 travers la cr\u00e9ation de contes et de ressources p\u00e9dagogiques d\u00e9di\u00e9es, le projet a accord\u00e9 une place centrale \u00e0 l\u2019exp\u00e9rimentation en conditions r\u00e9elles, en testant ces [&hellip;]<\/p>","protected":false},"author":1,"featured_media":0,"parent":0,"menu_order":0,"comment_status":"closed","ping_status":"closed","template":"","meta":{"_acf_changed":false,"_et_pb_use_builder":"on","_et_pb_old_content":"","_et_gb_content_width":"","footnotes":""},"class_list":["post-3376","page","type-page","status-publish","hentry"],"acf":[],"_links":{"self":[{"href":"https:\/\/psytales.eu\/fr\/wp-json\/wp\/v2\/pages\/3376","targetHints":{"allow":["GET"]}}],"collection":[{"href":"https:\/\/psytales.eu\/fr\/wp-json\/wp\/v2\/pages"}],"about":[{"href":"https:\/\/psytales.eu\/fr\/wp-json\/wp\/v2\/types\/page"}],"author":[{"embeddable":true,"href":"https:\/\/psytales.eu\/fr\/wp-json\/wp\/v2\/users\/1"}],"replies":[{"embeddable":true,"href":"https:\/\/psytales.eu\/fr\/wp-json\/wp\/v2\/comments?post=3376"}],"version-history":[{"count":3,"href":"https:\/\/psytales.eu\/fr\/wp-json\/wp\/v2\/pages\/3376\/revisions"}],"predecessor-version":[{"id":3383,"href":"https:\/\/psytales.eu\/fr\/wp-json\/wp\/v2\/pages\/3376\/revisions\/3383"}],"wp:attachment":[{"href":"https:\/\/psytales.eu\/fr\/wp-json\/wp\/v2\/media?parent=3376"}],"curies":[{"name":"wp","href":"https:\/\/api.w.org\/{rel}","templated":true}]}}