{"id":533,"date":"2024-05-20T14:31:47","date_gmt":"2024-05-20T14:31:47","guid":{"rendered":"https:\/\/psytales.eu\/partenaires\/"},"modified":"2025-09-25T11:04:46","modified_gmt":"2025-09-25T11:04:46","slug":"partenaires","status":"publish","type":"page","link":"https:\/\/psytales.eu\/fr\/partenaires\/","title":{"rendered":"Partenaires"},"content":{"rendered":"<p>[et_pb_section fb_built=\u00a0\u00bb1&Prime; _builder_version=\u00a0\u00bb4.25.1&Prime; _module_preset=\u00a0\u00bbdefault\u00a0\u00bb background_color=\u00a0\u00bbrgba(194,101,164,0.6)\u00a0\u00bb global_colors_info=\u00a0\u00bb{}\u00a0\u00bb][et_pb_row _builder_version=\u00a0\u00bb4.25.1&Prime; _module_preset=\u00a0\u00bbdefault\u00a0\u00bb global_colors_info=\u00a0\u00bb{}\u00a0\u00bb][et_pb_column type=\u00a0\u00bb4_4&Prime; _builder_version=\u00a0\u00bb4.25.1&Prime; _module_preset=\u00a0\u00bbdefault\u00a0\u00bb global_colors_info=\u00a0\u00bb{}\u00a0\u00bb][et_pb_post_title meta=\u00a0\u00bboff\u00a0\u00bb featured_image=\u00a0\u00bboff\u00a0\u00bb _builder_version=\u00a0\u00bb4.25.1&Prime; _module_preset=\u00a0\u00bbdefault\u00a0\u00bb title_font=\u00a0\u00bb|&#8211;et_global_heading_font_weight|||||||\u00a0\u00bb title_text_color=\u00a0\u00bb#2C2E35&Prime; title_font_size=\u00a0\u00bb35px\u00a0\u00bb locked=\u00a0\u00bboff\u00a0\u00bb global_colors_info=\u00a0\u00bb{}\u00a0\u00bb][\/et_pb_post_title][\/et_pb_column][\/et_pb_row][et_pb_row column_structure=\u00a0\u00bb1_3,2_3&Prime; _builder_version=\u00a0\u00bb4.25.1&Prime; _module_preset=\u00a0\u00bbdefault\u00a0\u00bb background_color=\u00a0\u00bb#FFFAEC\u00a0\u00bb custom_padding=\u00a0\u00bb25px|25px|25px|25px|true|true\u00a0\u00bb border_radii=\u00a0\u00bboff|10px|10px||\u00a0\u00bb global_colors_info=\u00a0\u00bb{}\u00a0\u00bb][et_pb_column type=\u00a0\u00bb1_3&Prime; _builder_version=\u00a0\u00bb4.25.1&Prime; _module_preset=\u00a0\u00bbdefault\u00a0\u00bb global_colors_info=\u00a0\u00bb{}\u00a0\u00bb][et_pb_image src=\u00a0\u00bbhttps:\/\/psytales.eu\/wp-content\/uploads\/2024\/05\/RCSI_RoyalCollegeofSurgeons_Logo_CMYK_Nov22.png\u00a0\u00bb title_text=\u00a0\u00bbRCSI_RoyalCollegeofSurgeons_Logo_CMYK_Nov22&Prime; align=\u00a0\u00bbcenter\u00a0\u00bb _builder_version=\u00a0\u00bb4.25.1&Prime; _module_preset=\u00a0\u00bbdefault\u00a0\u00bb global_colors_info=\u00a0\u00bb{}\u00a0\u00bb][\/et_pb_image][\/et_pb_column][et_pb_column type=\u00a0\u00bb2_3&Prime; _builder_version=\u00a0\u00bb4.25.1&Prime; _module_preset=\u00a0\u00bbdefault\u00a0\u00bb global_colors_info=\u00a0\u00bb{}\u00a0\u00bb][et_pb_text _builder_version=\u00a0\u00bb4.25.1&Prime; _module_preset=\u00a0\u00bbdefault\u00a0\u00bb text_font_size=\u00a0\u00bb1.1em\u00a0\u00bb header_3_font_size=\u00a0\u00bb1.2em\u00a0\u00bb global_colors_info=\u00a0\u00bb{}\u00a0\u00bb]<\/p>\n<h3>Irlande<\/h3>\n<h2>Royal College of Surgeons in Ireland<\/h2>\n<p>RCSI University of Medicine and Health Sciences (Universit\u00e9 de m\u00e9decine et des sciences de la sant\u00e9) est class\u00e9e premi\u00e8re au monde pour sa contribution \u00e0 l&rsquo;objectif de d\u00e9veloppement durable 3 des Nations unies, Bonne sant\u00e9 et bien-\u00eatre, dans le classement Times Higher Education (THE) University Impact Rankings 2023.<\/p>\n<p>Exclusivement ax\u00e9 sur l\u2019\u00e9ducation et la recherche visant \u00e0 am\u00e9liorer la sant\u00e9 humaine dans le monde entier, le RCSI est une universit\u00e9 internationale \u00e0 but non lucratif, dont le si\u00e8ge se trouve \u00e0 Dublin. Elle figure parmi les 300 premi\u00e8res universit\u00e9s mondiales dans le classement mondial des universit\u00e9s (2024). Le RCSI a re\u00e7u l\u2019accr\u00e9ditation Athena Swan Bronze pour ses pratiques positives en mati\u00e8re de genre dans l\u2019enseignement sup\u00e9rieur.  <\/p>\n<p>Fond\u00e9 en 1784 sous le nom de Royal College of Surgeons in Ireland (RCSI) avec la responsabilit\u00e9 nationale de former les chirurgiens en Irlande, le RCSI est aujourd&rsquo;hui une universit\u00e9 et un institut de recherche en sciences de la sant\u00e9 innovants et de premier plan au niveau mondial, offrant un enseignement et une formation de niveau universitaire, postuniversitaire et professionnel.<\/p>\n<p>[\/et_pb_text][et_pb_button button_url=\u00a0\u00bbhttps:\/\/www.rcsi.com\/\u00a0\u00bb url_new_window=\u00a0\u00bbon\u00a0\u00bb button_text=\u00a0\u00bbSite internet\u00a0\u00bb button_alignment=\u00a0\u00bbleft\u00a0\u00bb _builder_version=\u00a0\u00bb4.25.1&Prime; _module_preset=\u00a0\u00bb31f1572d-2caf-494e-ad72-1604fe4492d6&Prime; button_icon=\u00a0\u00bb&#x24;||divi||400&Prime; button_icon_placement=\u00a0\u00bbright\u00a0\u00bb custom_margin=\u00a0\u00bb2px||||false|false\u00a0\u00bb custom_css_main_element=\u00a0\u00bbpadding-left: 0px;||\u00a0\u00bb custom_css_after=\u00a0\u00bbborder: 1px solid black;||background-color: #fffaec;||border-radius: 50%;||margin-top: -15px;||padding: 15px 21px;\u00a0\u00bb locked=\u00a0\u00bboff\u00a0\u00bb global_colors_info=\u00a0\u00bb{}\u00a0\u00bb][\/et_pb_button][\/et_pb_column][\/et_pb_row][et_pb_row column_structure=\u00a0\u00bb1_3,2_3&Prime; _builder_version=\u00a0\u00bb4.25.1&Prime; _module_preset=\u00a0\u00bbdefault\u00a0\u00bb background_color=\u00a0\u00bb#FFFAEC\u00a0\u00bb custom_padding=\u00a0\u00bb25px|25px|25px|25px|true|true\u00a0\u00bb border_radii=\u00a0\u00bboff||||\u00a0\u00bb global_colors_info=\u00a0\u00bb{}\u00a0\u00bb][et_pb_column type=\u00a0\u00bb1_3&Prime; _builder_version=\u00a0\u00bb4.25.1&Prime; _module_preset=\u00a0\u00bbdefault\u00a0\u00bb global_colors_info=\u00a0\u00bb{}\u00a0\u00bb][et_pb_image src=\u00a0\u00bbhttps:\/\/psytales.eu\/wp-content\/uploads\/2024\/05\/Logopsycom_transparent_black.png\u00a0\u00bb title_text=\u00a0\u00bbLogopsycom_transparent_black\u00a0\u00bb align=\u00a0\u00bbcenter\u00a0\u00bb _builder_version=\u00a0\u00bb4.25.1&Prime; _module_preset=\u00a0\u00bbdefault\u00a0\u00bb global_colors_info=\u00a0\u00bb{}\u00a0\u00bb][\/et_pb_image][\/et_pb_column][et_pb_column type=\u00a0\u00bb2_3&Prime; _builder_version=\u00a0\u00bb4.25.1&Prime; _module_preset=\u00a0\u00bbdefault\u00a0\u00bb global_colors_info=\u00a0\u00bb{}\u00a0\u00bb][et_pb_text _builder_version=\u00a0\u00bb4.25.1&Prime; _module_preset=\u00a0\u00bbdefault\u00a0\u00bb text_font_size=\u00a0\u00bb1.1em\u00a0\u00bb header_3_font_size=\u00a0\u00bb1.2em\u00a0\u00bb global_colors_info=\u00a0\u00bb{}\u00a0\u00bb]<\/p>\n<h3>Belgique<\/h3>\n<h2>Logopsycom<\/h2>\n<p>Logopsycom est un centre d\u2019innovation p\u00e9dagogique qui cr\u00e9e et utilise des m\u00e9thodes ou des outils alternatifs (num\u00e9riques ou non) pour accompagner les \u00e9coles, les centres de formation professionnelle, les organisations \u00e9ducatives, les jeunes et les parents. Elle a \u00e9t\u00e9 initialement cr\u00e9\u00e9e comme une entreprise de soins, sp\u00e9cialis\u00e9e dans les troubles de l\u2019apprentissage, chez les jeunes, en particulier dans les \u00ab&nbsp;Dys&nbsp;\u00bb (Dyspraxie, Dysphasie, Dyslexie, etc.), \u00e9galement appel\u00e9s troubles sp\u00e9cifiques de l\u2019apprentissage (TSL) et travaille donc toujours sur l\u2019accessibilit\u00e9 des contenus. <\/p>\n<p>[\/et_pb_text][et_pb_button button_url=\u00a0\u00bbhttps:\/\/logopsycom.com\/\u00a0\u00bb url_new_window=\u00a0\u00bbon\u00a0\u00bb button_text=\u00a0\u00bbSite internet\u00a0\u00bb button_alignment=\u00a0\u00bbleft\u00a0\u00bb _builder_version=\u00a0\u00bb4.25.1&Prime; _module_preset=\u00a0\u00bb31f1572d-2caf-494e-ad72-1604fe4492d6&Prime; button_icon=\u00a0\u00bb&#x24;||divi||400&Prime; button_icon_placement=\u00a0\u00bbright\u00a0\u00bb custom_margin=\u00a0\u00bb2px||||false|false\u00a0\u00bb custom_css_main_element=\u00a0\u00bbpadding-left: 0px;||\u00a0\u00bb custom_css_after=\u00a0\u00bbborder: 1px solid black;||background-color: #fffaec;||border-radius: 50%;||margin-top: -15px;||padding: 15px 21px;\u00a0\u00bb locked=\u00a0\u00bboff\u00a0\u00bb global_colors_info=\u00a0\u00bb{}\u00a0\u00bb][\/et_pb_button][\/et_pb_column][\/et_pb_row][et_pb_row column_structure=\u00a0\u00bb1_3,2_3&Prime; _builder_version=\u00a0\u00bb4.25.1&Prime; _module_preset=\u00a0\u00bbdefault\u00a0\u00bb background_color=\u00a0\u00bb#FFFAEC\u00a0\u00bb custom_padding=\u00a0\u00bb25px|25px|25px|25px|true|true\u00a0\u00bb border_radii=\u00a0\u00bboff||||\u00a0\u00bb global_colors_info=\u00a0\u00bb{}\u00a0\u00bb][et_pb_column type=\u00a0\u00bb1_3&Prime; _builder_version=\u00a0\u00bb4.25.1&Prime; _module_preset=\u00a0\u00bbdefault\u00a0\u00bb global_colors_info=\u00a0\u00bb{}\u00a0\u00bb][et_pb_image src=\u00a0\u00bbhttps:\/\/psytales.eu\/wp-content\/uploads\/2024\/05\/0-Logo_Apprimeurs_bleu.png\u00a0\u00bb title_text=\u00a0\u00bb0 &#8211; Logo_Apprimeurs_bleu\u00a0\u00bb align=\u00a0\u00bbcenter\u00a0\u00bb _builder_version=\u00a0\u00bb4.25.1&Prime; _module_preset=\u00a0\u00bbdefault\u00a0\u00bb global_colors_info=\u00a0\u00bb{}\u00a0\u00bb][\/et_pb_image][\/et_pb_column][et_pb_column type=\u00a0\u00bb2_3&Prime; _builder_version=\u00a0\u00bb4.25.1&Prime; _module_preset=\u00a0\u00bbdefault\u00a0\u00bb global_colors_info=\u00a0\u00bb{}\u00a0\u00bb][et_pb_text _builder_version=\u00a0\u00bb4.25.1&Prime; _module_preset=\u00a0\u00bbdefault\u00a0\u00bb text_font_size=\u00a0\u00bb1.1em\u00a0\u00bb header_3_font_size=\u00a0\u00bb1.2em\u00a0\u00bb global_colors_info=\u00a0\u00bb{}\u00a0\u00bb]<\/p>\n<h3>France<\/h3>\n<h2>Les Apprimeurs<\/h2>\n<p>Les Apprimeurs est une entreprise fran\u00e7aise sp\u00e9cialis\u00e9e dans la cr\u00e9ation de solutions num\u00e9riques sur mesure pour les secteurs de l\u2019\u00e9ducation, de la culture et de la formation. Nous travaillons \u00e0 la promotion des comp\u00e9tences de base, des comp\u00e9tences non techniques et de l\u2019acc\u00e8s au savoir pour tous par le biais de formations, d\u2019ateliers, d\u2019ebooks interactifs et du d\u00e9veloppement de plateformes. <\/p>\n<p>[\/et_pb_text][et_pb_button button_url=\u00a0\u00bbhttps:\/\/lesapprimeurs.com\/\u00a0\u00bb url_new_window=\u00a0\u00bbon\u00a0\u00bb button_text=\u00a0\u00bbSite internet\u00a0\u00bb button_alignment=\u00a0\u00bbleft\u00a0\u00bb _builder_version=\u00a0\u00bb4.25.1&Prime; _module_preset=\u00a0\u00bb31f1572d-2caf-494e-ad72-1604fe4492d6&Prime; button_icon=\u00a0\u00bb&#x24;||divi||400&Prime; button_icon_placement=\u00a0\u00bbright\u00a0\u00bb custom_margin=\u00a0\u00bb2px||||false|false\u00a0\u00bb custom_css_main_element=\u00a0\u00bbpadding-left: 0px;||\u00a0\u00bb custom_css_after=\u00a0\u00bbborder: 1px solid black;||background-color: #fffaec;||border-radius: 50%;||margin-top: -15px;||padding: 15px 21px;\u00a0\u00bb locked=\u00a0\u00bboff\u00a0\u00bb global_colors_info=\u00a0\u00bb{}\u00a0\u00bb][\/et_pb_button][\/et_pb_column][\/et_pb_row][et_pb_row column_structure=\u00a0\u00bb1_3,2_3&Prime; _builder_version=\u00a0\u00bb4.25.1&Prime; _module_preset=\u00a0\u00bbdefault\u00a0\u00bb background_color=\u00a0\u00bb#FFFAEC\u00a0\u00bb custom_padding=\u00a0\u00bb25px|25px|25px|25px|true|true\u00a0\u00bb border_radii=\u00a0\u00bboff||||\u00a0\u00bb global_colors_info=\u00a0\u00bb{}\u00a0\u00bb][et_pb_column type=\u00a0\u00bb1_3&Prime; _builder_version=\u00a0\u00bb4.25.1&Prime; _module_preset=\u00a0\u00bbdefault\u00a0\u00bb global_colors_info=\u00a0\u00bb{}\u00a0\u00bb][et_pb_image src=\u00a0\u00bbhttps:\/\/psytales.eu\/wp-content\/uploads\/2025\/09\/Kaunas-Logo-Transparent.png\u00a0\u00bb title_text=\u00a0\u00bbKaunas Logo Transparent\u00a0\u00bb align=\u00a0\u00bbcenter\u00a0\u00bb _builder_version=\u00a0\u00bb4.27.4&Prime; _module_preset=\u00a0\u00bbdefault\u00a0\u00bb global_colors_info=\u00a0\u00bb{}\u00a0\u00bb][\/et_pb_image][\/et_pb_column][et_pb_column type=\u00a0\u00bb2_3&Prime; _builder_version=\u00a0\u00bb4.25.1&Prime; _module_preset=\u00a0\u00bbdefault\u00a0\u00bb global_colors_info=\u00a0\u00bb{}\u00a0\u00bb][et_pb_text _builder_version=\u00a0\u00bb4.25.1&Prime; _module_preset=\u00a0\u00bbdefault\u00a0\u00bb text_font_size=\u00a0\u00bb1.1em\u00a0\u00bb header_3_font_size=\u00a0\u00bb1.2em\u00a0\u00bb global_colors_info=\u00a0\u00bb{}\u00a0\u00bb]<\/p>\n<h3>Lituanie<\/h3>\n<h2>Kaunas Education Innovation Centre<\/h2>\n<p>Le Kaunas Education Innovation Centre est l\u2019un des plus grands centres de formation des enseignants en Lituanie. Cr\u00e9\u00e9 en 1995, il a \u00e9t\u00e9 le premier \u00e9tablissement du pays \u00e0 obtenir une accr\u00e9ditation. Le Centre soutient l\u2019apprentissage tout au long de la vie en proposant des services de d\u00e9veloppement professionnel, d\u2019accompagnement m\u00e9thodologique et d\u2019information destin\u00e9s aux chefs d\u2019\u00e9tablissement, enseignants, sp\u00e9cialistes de l\u2019accompagnement des \u00e9l\u00e8ves, parents, \u00e9l\u00e8ves et autres adultes. Sa mission est de renforcer l\u2019\u00e9ducation en favorisant la tol\u00e9rance, l\u2019empathie, la d\u00e9mocratie, l\u2019\u00e9galit\u00e9 des chances et l\u2019innovation. Ses activit\u00e9s comprennent l\u2019organisation de formations, d\u2019olympiades et de concours, la coordination de projets, ainsi que le partage de pratiques p\u00e9dagogiques exemplaires, afin de r\u00e9pondre aux besoins r\u00e9gionaux et nationaux, aux \u00e9volutions des infrastructures, aux orientations \u00e9ducatives de l\u2019Union europ\u00e9enne, \u00e0 la coop\u00e9ration internationale et au d\u00e9veloppement du syst\u00e8me \u00e9ducatif.   <\/p>\n<p>[\/et_pb_text][et_pb_button button_url=\u00a0\u00bbhttps:\/\/www.kaunosic.lt\/en\/\u00a0\u00bb url_new_window=\u00a0\u00bbon\u00a0\u00bb button_text=\u00a0\u00bbSite internet\u00a0\u00bb button_alignment=\u00a0\u00bbleft\u00a0\u00bb _builder_version=\u00a0\u00bb4.27.4&Prime; _module_preset=\u00a0\u00bb31f1572d-2caf-494e-ad72-1604fe4492d6&Prime; button_icon=\u00a0\u00bb&#x24;||divi||400&Prime; button_icon_placement=\u00a0\u00bbright\u00a0\u00bb custom_margin=\u00a0\u00bb2px||||false|false\u00a0\u00bb custom_css_main_element=\u00a0\u00bbpadding-left: 0px;||\u00a0\u00bb custom_css_after=\u00a0\u00bbborder: 1px solid black;||background-color: #fffaec;||border-radius: 50%;||margin-top: -15px;||padding: 15px 21px;\u00a0\u00bb locked=\u00a0\u00bboff\u00a0\u00bb global_colors_info=\u00a0\u00bb{}\u00a0\u00bb][\/et_pb_button][\/et_pb_column][\/et_pb_row][et_pb_row column_structure=\u00a0\u00bb1_3,2_3&Prime; _builder_version=\u00a0\u00bb4.25.1&Prime; _module_preset=\u00a0\u00bbdefault\u00a0\u00bb background_color=\u00a0\u00bb#FFFAEC\u00a0\u00bb custom_padding=\u00a0\u00bb25px|25px|25px|25px|true|true\u00a0\u00bb border_radii=\u00a0\u00bboff||||\u00a0\u00bb global_colors_info=\u00a0\u00bb{}\u00a0\u00bb][et_pb_column type=\u00a0\u00bb1_3&Prime; _builder_version=\u00a0\u00bb4.25.1&Prime; _module_preset=\u00a0\u00bbdefault\u00a0\u00bb global_colors_info=\u00a0\u00bb{}\u00a0\u00bb][et_pb_image src=\u00a0\u00bbhttps:\/\/psytales.eu\/wp-content\/uploads\/2024\/05\/dmaked_logo-EN-transparentedit-768&#215;410-1.png\u00a0\u00bb title_text=\u00a0\u00bbdmaked_logo-EN-transparentedit-768&#215;410&Prime; align=\u00a0\u00bbcenter\u00a0\u00bb _builder_version=\u00a0\u00bb4.25.1&Prime; _module_preset=\u00a0\u00bbdefault\u00a0\u00bb global_colors_info=\u00a0\u00bb{}\u00a0\u00bb][\/et_pb_image][\/et_pb_column][et_pb_column type=\u00a0\u00bb2_3&Prime; _builder_version=\u00a0\u00bb4.25.1&Prime; _module_preset=\u00a0\u00bbdefault\u00a0\u00bb global_colors_info=\u00a0\u00bb{}\u00a0\u00bb][et_pb_text _builder_version=\u00a0\u00bb4.25.1&Prime; _module_preset=\u00a0\u00bbdefault\u00a0\u00bb text_font_size=\u00a0\u00bb1.1em\u00a0\u00bb header_3_font_size=\u00a0\u00bb1.2em\u00a0\u00bb global_colors_info=\u00a0\u00bb{}\u00a0\u00bb]<\/p>\n<h3>Gr\u00e8ce<\/h3>\n<h2>Regional Directorate of Primary and Secondary Education of Western Macedonia<\/h2>\n<p>La Direction r\u00e9gionale de l&rsquo;enseignement primaire et secondaire de Mac\u00e9doine occidentale est une organisation \u00e9ducative r\u00e9gionale charg\u00e9e de la supervision administrative et p\u00e9dagogique de toutes les \u00e9coles et structures d\u00e9centralis\u00e9es du minist\u00e8re de l&rsquo;\u00e9ducation dans la r\u00e9gion. Son objectif principal est de coordonner et de mettre en \u0153uvre les politiques \u00e9ducatives du minist\u00e8re grec de l&rsquo;\u00e9ducation et de mettre en \u0153uvre diff\u00e9rentes initiatives \u00e9ducatives. Responsable de 410 \u00e9coles primaires et 126 \u00e9coles secondaires, l&rsquo;organisation travaille en \u00e9troite collaboration avec les centres de soutien p\u00e9dagogique pour l&rsquo;\u00e9ducation sp\u00e9cialis\u00e9e, les centres d&rsquo;\u00e9ducation environnementale et les centres d&rsquo;innovation p\u00e9dagogique de la direction, les \u00e9coles et les entit\u00e9s supervis\u00e9es dans la r\u00e9gion. Elle entreprend des actions pour que les enseignants se forment aux politiques \u00e9ducatives innovantes et r\u00e9pondent efficacement aux besoins \u00e9ducatifs de la communaut\u00e9 \u00e9tudiante.  <\/p>\n<p>[\/et_pb_text][et_pb_button button_url=\u00a0\u00bbhttps:\/\/dmaked.pde.sch.gr\/\u00a0\u00bb url_new_window=\u00a0\u00bbon\u00a0\u00bb button_text=\u00a0\u00bbSite internet\u00a0\u00bb button_alignment=\u00a0\u00bbleft\u00a0\u00bb _builder_version=\u00a0\u00bb4.25.1&Prime; _module_preset=\u00a0\u00bb31f1572d-2caf-494e-ad72-1604fe4492d6&Prime; button_icon=\u00a0\u00bb&#x24;||divi||400&Prime; button_icon_placement=\u00a0\u00bbright\u00a0\u00bb custom_margin=\u00a0\u00bb2px||||false|false\u00a0\u00bb custom_css_main_element=\u00a0\u00bbpadding-left: 0px;||\u00a0\u00bb custom_css_after=\u00a0\u00bbborder: 1px solid black;||background-color: #fffaec;||border-radius: 50%;||margin-top: -15px;||padding: 15px 21px;\u00a0\u00bb locked=\u00a0\u00bboff\u00a0\u00bb global_colors_info=\u00a0\u00bb{}\u00a0\u00bb][\/et_pb_button][\/et_pb_column][\/et_pb_row][et_pb_row column_structure=\u00a0\u00bb1_3,2_3&Prime; _builder_version=\u00a0\u00bb4.25.1&Prime; _module_preset=\u00a0\u00bbdefault\u00a0\u00bb background_color=\u00a0\u00bb#FFFAEC\u00a0\u00bb custom_padding=\u00a0\u00bb25px|25px|25px|25px|true|true\u00a0\u00bb border_radii=\u00a0\u00bboff|||10px|10px\u00a0\u00bb global_colors_info=\u00a0\u00bb{}\u00a0\u00bb][et_pb_column type=\u00a0\u00bb1_3&Prime; _builder_version=\u00a0\u00bb4.25.1&Prime; _module_preset=\u00a0\u00bbdefault\u00a0\u00bb global_colors_info=\u00a0\u00bb{}\u00a0\u00bb][et_pb_image src=\u00a0\u00bbhttps:\/\/psytales.eu\/wp-content\/uploads\/2024\/05\/14553121_859082767564786_729612981066792960_a.png\u00a0\u00bb title_text=\u00a0\u00bblogo-footer\u00a0\u00bb align=\u00a0\u00bbcenter\u00a0\u00bb _builder_version=\u00a0\u00bb4.25.1&Prime; _module_preset=\u00a0\u00bbdefault\u00a0\u00bb global_colors_info=\u00a0\u00bb{}\u00a0\u00bb][\/et_pb_image][\/et_pb_column][et_pb_column type=\u00a0\u00bb2_3&Prime; _builder_version=\u00a0\u00bb4.25.1&Prime; _module_preset=\u00a0\u00bbdefault\u00a0\u00bb global_colors_info=\u00a0\u00bb{}\u00a0\u00bb][et_pb_text _builder_version=\u00a0\u00bb4.27.0&Prime; _module_preset=\u00a0\u00bbdefault\u00a0\u00bb text_font_size=\u00a0\u00bb1.1em\u00a0\u00bb header_3_font_size=\u00a0\u00bb1.2em\u00a0\u00bb global_colors_info=\u00a0\u00bb{}\u00a0\u00bb]<\/p>\n<h3>Irlande<\/h3>\n<h2>Irish Primary Principals Network (IPPN)<\/h2>\n<p>L&rsquo;IPPN est le r\u00e9seau professionnel des directeurs d&rsquo;\u00e9coles primaires irlandaises. Il s&rsquo;agit d&rsquo;une association b\u00e9n\u00e9vole ind\u00e9pendante \u00e0 but non lucratif, pr\u00e9sente aux niveaux local, r\u00e9gional et national. Reconnue par le ministre de l&rsquo;\u00e9ducation comme un partenaire officiel de l&rsquo;\u00e9ducation, l&rsquo;IPPN travaille avec le minist\u00e8re de l&rsquo;\u00e9ducation, le Conseil national des parents, les organes de gestion, les syndicats, les administrations de l&rsquo;\u00e9ducation, les institutions acad\u00e9miques et les associations caritatives pour l&rsquo;enfance, en vue de faire progresser l&rsquo;enseignement primaire. L&rsquo;IPPN articule les savoirs collectifs et l&rsquo;exp\u00e9rience professionnelle de plus de 6&nbsp;400 directeurs d&rsquo;\u00e9cole et directeurs d&rsquo;\u00e9cole adjoints.   <\/p>\n<p>&nbsp;<\/p>\n<p>[\/et_pb_text][et_pb_button button_url=\u00a0\u00bbhttps:\/\/www.ippn.ie\/\u00a0\u00bb url_new_window=\u00a0\u00bbon\u00a0\u00bb button_text=\u00a0\u00bbSite internet\u00a0\u00bb button_alignment=\u00a0\u00bbleft\u00a0\u00bb _builder_version=\u00a0\u00bb4.27.0&Prime; _module_preset=\u00a0\u00bb31f1572d-2caf-494e-ad72-1604fe4492d6&Prime; button_icon=\u00a0\u00bb&#x24;||divi||400&Prime; button_icon_placement=\u00a0\u00bbright\u00a0\u00bb custom_margin=\u00a0\u00bb2px||||false|false\u00a0\u00bb custom_css_main_element=\u00a0\u00bbpadding-left: 0px;||\u00a0\u00bb custom_css_after=\u00a0\u00bbborder: 1px solid black;||background-color: #fffaec;||border-radius: 50%;||margin-top: -15px;||padding: 15px 21px;\u00a0\u00bb locked=\u00a0\u00bboff\u00a0\u00bb global_colors_info=\u00a0\u00bb{}\u00a0\u00bb][\/et_pb_button][\/et_pb_column][\/et_pb_row][\/et_pb_section]<\/p>","protected":false},"excerpt":{"rendered":"<p>Irlande Royal College of Surgeons in Ireland RCSI University of Medicine and Health Sciences (Universit\u00e9 de m\u00e9decine et des sciences de la sant\u00e9) est class\u00e9e premi\u00e8re au monde pour sa contribution \u00e0 l&rsquo;objectif de d\u00e9veloppement durable 3 des Nations unies, Bonne sant\u00e9 et bien-\u00eatre, dans le classement Times Higher Education (THE) University Impact Rankings 2023. [&hellip;]<\/p>","protected":false},"author":1,"featured_media":0,"parent":0,"menu_order":0,"comment_status":"closed","ping_status":"closed","template":"","meta":{"_acf_changed":false,"_et_pb_use_builder":"on","_et_pb_old_content":"","_et_gb_content_width":"","footnotes":""},"class_list":["post-533","page","type-page","status-publish","hentry"],"acf":[],"_links":{"self":[{"href":"https:\/\/psytales.eu\/fr\/wp-json\/wp\/v2\/pages\/533","targetHints":{"allow":["GET"]}}],"collection":[{"href":"https:\/\/psytales.eu\/fr\/wp-json\/wp\/v2\/pages"}],"about":[{"href":"https:\/\/psytales.eu\/fr\/wp-json\/wp\/v2\/types\/page"}],"author":[{"embeddable":true,"href":"https:\/\/psytales.eu\/fr\/wp-json\/wp\/v2\/users\/1"}],"replies":[{"embeddable":true,"href":"https:\/\/psytales.eu\/fr\/wp-json\/wp\/v2\/comments?post=533"}],"version-history":[{"count":15,"href":"https:\/\/psytales.eu\/fr\/wp-json\/wp\/v2\/pages\/533\/revisions"}],"predecessor-version":[{"id":2279,"href":"https:\/\/psytales.eu\/fr\/wp-json\/wp\/v2\/pages\/533\/revisions\/2279"}],"wp:attachment":[{"href":"https:\/\/psytales.eu\/fr\/wp-json\/wp\/v2\/media?parent=533"}],"curies":[{"name":"wp","href":"https:\/\/api.w.org\/{rel}","templated":true}]}}