{"id":580,"date":"2024-05-20T14:31:47","date_gmt":"2024-05-20T14:31:47","guid":{"rendered":"https:\/\/psytales.eu\/partneriai\/"},"modified":"2025-09-25T10:54:43","modified_gmt":"2025-09-25T10:54:43","slug":"partneriai","status":"publish","type":"page","link":"https:\/\/psytales.eu\/lt\/partneriai\/","title":{"rendered":"Partneriai"},"content":{"rendered":"<p>[et_pb_section fb_built=&#8221;1&#8243; _builder_version=&#8221;4.25.1&#8243; _module_preset=&#8221;default&#8221; background_color=&#8221;rgba(194,101,164,0.6)&#8221; global_colors_info=&#8221;{}&#8221;][et_pb_row _builder_version=&#8221;4.25.1&#8243; _module_preset=&#8221;default&#8221; global_colors_info=&#8221;{}&#8221;][et_pb_column type=&#8221;4_4&#8243; _builder_version=&#8221;4.25.1&#8243; _module_preset=&#8221;default&#8221; global_colors_info=&#8221;{}&#8221;][et_pb_post_title meta=&#8221;off&#8221; featured_image=&#8221;off&#8221; _builder_version=&#8221;4.25.1&#8243; _module_preset=&#8221;default&#8221; title_font=&#8221;|&#8211;et_global_heading_font_weight|||||||&#8221; title_text_color=&#8221;#2C2E35&#8243; title_font_size=&#8221;35px&#8221; locked=&#8221;off&#8221; global_colors_info=&#8221;{}&#8221;][\/et_pb_post_title][\/et_pb_column][\/et_pb_row][et_pb_row column_structure=&#8221;1_3,2_3&#8243; _builder_version=&#8221;4.25.1&#8243; _module_preset=&#8221;default&#8221; background_color=&#8221;#FFFAEC&#8221; custom_padding=&#8221;25px|25px|25px|25px|true|true&#8221; border_radii=&#8221;off|10px|10px||&#8221; global_colors_info=&#8221;{}&#8221;][et_pb_column type=&#8221;1_3&#8243; _builder_version=&#8221;4.25.1&#8243; _module_preset=&#8221;default&#8221; global_colors_info=&#8221;{}&#8221;][et_pb_image src=&#8221;https:\/\/psytales.eu\/wp-content\/uploads\/2024\/05\/RCSI_RoyalCollegeofSurgeons_Logo_CMYK_Nov22.png&#8221; title_text=&#8221;RCSI_RoyalCollegeofSurgeons_Logo_CMYK_Nov22&#8243; align=&#8221;center&#8221; _builder_version=&#8221;4.25.1&#8243; _module_preset=&#8221;default&#8221; global_colors_info=&#8221;{}&#8221;][\/et_pb_image][\/et_pb_column][et_pb_column type=&#8221;2_3&#8243; _builder_version=&#8221;4.25.1&#8243; _module_preset=&#8221;default&#8221; global_colors_info=&#8221;{}&#8221;][et_pb_text _builder_version=&#8221;4.25.1&#8243; _module_preset=&#8221;default&#8221; text_font_size=&#8221;1.1em&#8221; header_3_font_size=&#8221;1.2em&#8221; global_colors_info=&#8221;{}&#8221;]<\/p>\n<h3>Airija<\/h3>\n<h2>Royal College of Surgeons in Ireland<\/h2>\n<p>&#8222;Times Higher Education&#8221; (THE) sudarytame 2023 m. universitet\u0173 poveikio reitinge RCSI Medicinos ir sveikatos moksl\u0173 universitetas u\u017e\u0117m\u0117 pirm\u0105j\u0105 viet\u0105 pasaulyje pagal ind\u0117l\u012f \u012f JT darnaus vystymosi tiksl\u0105 Nr. 3 &#8222;Gera sveikata ir gerov\u0117&#8221;.<\/p>\n<p>RCSI yra tarptautinis pelno nesiekiantis universitetas, kurio pagrindin\u0117 b\u016bstin\u0117 \u012fsik\u016brusi Dubline ir kurio i\u0161skirtinis d\u0117mesys skiriamas \u0161vietimui ir moksliniams tyrimams, siekiant pagerinti \u017emoni\u0173 sveikat\u0105 visame pasaulyje. Pasaulio universitet\u0173 reitinge (2024 m.) jis patenka tarp 300 geriausi\u0173 pasaulio universitet\u0173. RCSI suteikta \u201eAthena Swan Bronze\u201d akreditacija u\u017e teigiam\u0105 ly\u010di\u0173 lygyb\u0117s praktik\u0105 auk\u0161tajame moksle.  <\/p>\n<p>\u012ekurtas 1784 m. kaip Airijos karali\u0161kasis chirurg\u0173 koled\u017eas (Royal College of Surgeons in Ireland, RCSI), kurio nacionalin\u0117 atsakomyb\u0117 buvo susijusi su chirurg\u0173 rengimu Airijoje, \u0161iandien RCSI yra novatori\u0161kas, pasaulyje pirmaujantis tarptautinis sveikatos moksl\u0173 universitetas ir mokslini\u0173 tyrim\u0173 institucija, si\u016blanti \u0161vietim\u0105 ir mokym\u0105 bakalauro, magistrant\u016bros ir profesiniu lygmenimis.<\/p>\n<p>[\/et_pb_text][et_pb_button button_url=&#8221;https:\/\/www.rcsi.com\/&#8221; url_new_window=&#8221;on&#8221; button_text=&#8221;Svetain\u0117&#8221; button_alignment=&#8221;left&#8221; _builder_version=&#8221;4.25.1&#8243; _module_preset=&#8221;31f1572d-2caf-494e-ad72-1604fe4492d6&#8243; button_icon=&#8221;&#x24;||divi||400&#8243; button_icon_placement=&#8221;right&#8221; custom_margin=&#8221;2px||||false|false&#8221; custom_css_main_element=&#8221;padding-left: 0px;||&#8221; custom_css_after=&#8221;border: 1px solid black;||background-color: #fffaec;||border-radius: 50%;||margin-top: -15px;||padding: 15px 21px;&#8221; locked=&#8221;off&#8221; global_colors_info=&#8221;{}&#8221;][\/et_pb_button][\/et_pb_column][\/et_pb_row][et_pb_row column_structure=&#8221;1_3,2_3&#8243; _builder_version=&#8221;4.25.1&#8243; _module_preset=&#8221;default&#8221; background_color=&#8221;#FFFAEC&#8221; custom_padding=&#8221;25px|25px|25px|25px|true|true&#8221; border_radii=&#8221;off||||&#8221; global_colors_info=&#8221;{}&#8221;][et_pb_column type=&#8221;1_3&#8243; _builder_version=&#8221;4.25.1&#8243; _module_preset=&#8221;default&#8221; global_colors_info=&#8221;{}&#8221;][et_pb_image src=&#8221;https:\/\/psytales.eu\/wp-content\/uploads\/2024\/05\/Logopsycom_transparent_black.png&#8221; title_text=&#8221;Logopsycom_transparent_black&#8221; align=&#8221;center&#8221; _builder_version=&#8221;4.25.1&#8243; _module_preset=&#8221;default&#8221; global_colors_info=&#8221;{}&#8221;][\/et_pb_image][\/et_pb_column][et_pb_column type=&#8221;2_3&#8243; _builder_version=&#8221;4.25.1&#8243; _module_preset=&#8221;default&#8221; global_colors_info=&#8221;{}&#8221;][et_pb_text _builder_version=&#8221;4.25.1&#8243; _module_preset=&#8221;default&#8221; text_font_size=&#8221;1.1em&#8221; header_3_font_size=&#8221;1.2em&#8221; global_colors_info=&#8221;{}&#8221;]<\/p>\n<h3>Belgija<\/h3>\n<h2>Logopsycom<\/h2>\n<p>&#8222;Logopsycom&#8221; yra \u0161vietimo inovacij\u0173 centras, kuris kuria ir naudoja alternatyvius metodus ar priemones (skaitmenines arba ne), kad pad\u0117t\u0173 mokykloms, profesinio rengimo ir mokymo centrams, \u0161vietimo organizacijoms, jaunimui ir t\u0117vams. I\u0161 prad\u017ei\u0173 jis buvo sukurtas kaip prie\u017ei\u016bros \u012fmon\u0117, kuri specializuojasi jaunimo mokymosi sutrikim\u0173, ypa\u010d &#8222;dis&#8221; (dispraksijos, disfazijos, disleksijos ir kt.), dar vadinam\u0173 specifiniais mokymosi sutrikimais (SLD), srityje, tod\u0117l visada siekia u\u017etikrinti turinio prieinamum\u0105. <\/p>\n<p>[\/et_pb_text][et_pb_button button_url=&#8221;https:\/\/logopsycom.com\/&#8221; url_new_window=&#8221;on&#8221; button_text=&#8221;Svetain\u0117&#8221; button_alignment=&#8221;left&#8221; _builder_version=&#8221;4.25.1&#8243; _module_preset=&#8221;31f1572d-2caf-494e-ad72-1604fe4492d6&#8243; button_icon=&#8221;&#x24;||divi||400&#8243; button_icon_placement=&#8221;right&#8221; custom_margin=&#8221;2px||||false|false&#8221; custom_css_main_element=&#8221;padding-left: 0px;||&#8221; custom_css_after=&#8221;border: 1px solid black;||background-color: #fffaec;||border-radius: 50%;||margin-top: -15px;||padding: 15px 21px;&#8221; locked=&#8221;off&#8221; global_colors_info=&#8221;{}&#8221;][\/et_pb_button][\/et_pb_column][\/et_pb_row][et_pb_row column_structure=&#8221;1_3,2_3&#8243; _builder_version=&#8221;4.25.1&#8243; _module_preset=&#8221;default&#8221; background_color=&#8221;#FFFAEC&#8221; custom_padding=&#8221;25px|25px|25px|25px|true|true&#8221; border_radii=&#8221;off||||&#8221; global_colors_info=&#8221;{}&#8221;][et_pb_column type=&#8221;1_3&#8243; _builder_version=&#8221;4.25.1&#8243; _module_preset=&#8221;default&#8221; global_colors_info=&#8221;{}&#8221;][et_pb_image src=&#8221;https:\/\/psytales.eu\/wp-content\/uploads\/2024\/05\/0-Logo_Apprimeurs_bleu.png&#8221; title_text=&#8221;0 &#8211; Logo_Apprimeurs_bleu&#8221; align=&#8221;center&#8221; _builder_version=&#8221;4.25.1&#8243; _module_preset=&#8221;default&#8221; global_colors_info=&#8221;{}&#8221;][\/et_pb_image][\/et_pb_column][et_pb_column type=&#8221;2_3&#8243; _builder_version=&#8221;4.25.1&#8243; _module_preset=&#8221;default&#8221; global_colors_info=&#8221;{}&#8221;][et_pb_text _builder_version=&#8221;4.25.1&#8243; _module_preset=&#8221;default&#8221; text_font_size=&#8221;1.1em&#8221; header_3_font_size=&#8221;1.2em&#8221; global_colors_info=&#8221;{}&#8221;]<\/p>\n<h3>Pranc\u016bzija<\/h3>\n<h2>Les Apprimeurs<\/h2>\n<p>Les Apprimeurs yra Pranc\u016bzijos bendrov\u0117, kuri specializuojasi kuriant specialiai pritaikytus skaitmeninius sprendimus \u0161vietimo, kult\u016bros ir mokymo sektoriams. Mes dirbame siekdami skatinti pagrindinius ir mink\u0161tuosius \u012fg\u016bd\u017eius bei \u017eini\u0173 prieinamum\u0105 visiems per mokymus, seminarus, interaktyvias elektronines knygas ir platform\u0173 k\u016brim\u0105. <\/p>\n<p>[\/et_pb_text][et_pb_button button_url=&#8221;https:\/\/lesapprimeurs.com\/&#8221; url_new_window=&#8221;on&#8221; button_text=&#8221;Svetain\u0117&#8221; button_alignment=&#8221;left&#8221; _builder_version=&#8221;4.25.1&#8243; _module_preset=&#8221;31f1572d-2caf-494e-ad72-1604fe4492d6&#8243; button_icon=&#8221;&#x24;||divi||400&#8243; button_icon_placement=&#8221;right&#8221; custom_margin=&#8221;2px||||false|false&#8221; custom_css_main_element=&#8221;padding-left: 0px;||&#8221; custom_css_after=&#8221;border: 1px solid black;||background-color: #fffaec;||border-radius: 50%;||margin-top: -15px;||padding: 15px 21px;&#8221; locked=&#8221;off&#8221; global_colors_info=&#8221;{}&#8221;][\/et_pb_button][\/et_pb_column][\/et_pb_row][et_pb_row column_structure=&#8221;1_3,2_3&#8243; _builder_version=&#8221;4.25.1&#8243; _module_preset=&#8221;default&#8221; background_color=&#8221;#FFFAEC&#8221; custom_padding=&#8221;25px|25px|25px|25px|true|true&#8221; border_radii=&#8221;off||||&#8221; global_colors_info=&#8221;{}&#8221;][et_pb_column type=&#8221;1_3&#8243; _builder_version=&#8221;4.25.1&#8243; _module_preset=&#8221;default&#8221; global_colors_info=&#8221;{}&#8221;][et_pb_image src=&#8221;https:\/\/psytales.eu\/wp-content\/uploads\/2025\/09\/Kaunas-Logo-Transparent.png&#8221; title_text=&#8221;Kaunas Logo Transparent&#8221; align=&#8221;center&#8221; _builder_version=&#8221;4.27.4&#8243; _module_preset=&#8221;default&#8221; global_colors_info=&#8221;{}&#8221;][\/et_pb_image][\/et_pb_column][et_pb_column type=&#8221;2_3&#8243; _builder_version=&#8221;4.25.1&#8243; _module_preset=&#8221;default&#8221; global_colors_info=&#8221;{}&#8221;][et_pb_text _builder_version=&#8221;4.25.1&#8243; _module_preset=&#8221;default&#8221; text_font_size=&#8221;1.1em&#8221; header_3_font_size=&#8221;1.2em&#8221; global_colors_info=&#8221;{}&#8221;]<\/p>\n<h3>Lietuva<\/h3>\n<h2>Kauno \u0161vietimo inovacij\u0173 centras<\/h2>\n<p>Kauno \u0161vietimo inovacij\u0173 centras yra viena did\u017eiausi\u0173 pedagog\u0173 kvalifikacijos tobulinimo \u012fstaig\u0173 Lietuvoje, \u012fkurta 1995 m. ir pirmoji \u0161alyje, gavusi akreditacij\u0105. Centras organizuoja mokymosi vis\u0105 gyvenim\u0105 renginius, teikdamas profesinio tobul\u0117jimo, metodines ir informacines paslaugas mokykl\u0173 vadovams, mokytojams, pagalbos mokiniui specialistams, t\u0117vams, mokiniams ir kitiems suaugusiesiems. Jo misija \u2013 stiprinti \u0161vietim\u0105 skatinant tolerancij\u0105, empatij\u0105, demokratij\u0105, lygias galimybes ir inovacijas. Veikla apima mokym\u0173, olimpiad\u0173 ir konkurs\u0173 organizavim\u0105, projekt\u0173 koordinavim\u0105 ir geriausios mokymo praktikos sklaid\u0105, atliepiant regioninius ir nacionalinius poreikius, infrastrukt\u016bros poky\u010dius, Europos S\u0105jungos \u0161vietimo strukt\u016bras, tarptautin\u012f bendradarbiavim\u0105 ir \u0161vietimo sistemos pl\u0117tr\u0105.   <\/p>\n<p>[\/et_pb_text][et_pb_button button_url=&#8221;https:\/\/www.kaunosic.lt\/en\/&#8221; url_new_window=&#8221;on&#8221; button_text=&#8221;Svetain\u0117&#8221; button_alignment=&#8221;left&#8221; _builder_version=&#8221;4.27.4&#8243; _module_preset=&#8221;31f1572d-2caf-494e-ad72-1604fe4492d6&#8243; button_icon=&#8221;&#x24;||divi||400&#8243; button_icon_placement=&#8221;right&#8221; custom_margin=&#8221;2px||||false|false&#8221; custom_css_main_element=&#8221;padding-left: 0px;||&#8221; custom_css_after=&#8221;border: 1px solid black;||background-color: #fffaec;||border-radius: 50%;||margin-top: -15px;||padding: 15px 21px;&#8221; locked=&#8221;off&#8221; global_colors_info=&#8221;{}&#8221;][\/et_pb_button][\/et_pb_column][\/et_pb_row][et_pb_row column_structure=&#8221;1_3,2_3&#8243; _builder_version=&#8221;4.25.1&#8243; _module_preset=&#8221;default&#8221; background_color=&#8221;#FFFAEC&#8221; custom_padding=&#8221;25px|25px|25px|25px|true|true&#8221; border_radii=&#8221;off||||&#8221; global_colors_info=&#8221;{}&#8221;][et_pb_column type=&#8221;1_3&#8243; _builder_version=&#8221;4.25.1&#8243; _module_preset=&#8221;default&#8221; global_colors_info=&#8221;{}&#8221;][et_pb_image src=&#8221;https:\/\/psytales.eu\/wp-content\/uploads\/2024\/05\/dmaked_logo-EN-transparentedit-768&#215;410-1.png&#8221; title_text=&#8221;dmaked_logo-EN-transparentedit-768&#215;410&#8243; align=&#8221;center&#8221; _builder_version=&#8221;4.25.1&#8243; _module_preset=&#8221;default&#8221; global_colors_info=&#8221;{}&#8221;][\/et_pb_image][\/et_pb_column][et_pb_column type=&#8221;2_3&#8243; _builder_version=&#8221;4.25.1&#8243; _module_preset=&#8221;default&#8221; global_colors_info=&#8221;{}&#8221;][et_pb_text _builder_version=&#8221;4.25.1&#8243; _module_preset=&#8221;default&#8221; text_font_size=&#8221;1.1em&#8221; header_3_font_size=&#8221;1.2em&#8221; global_colors_info=&#8221;{}&#8221;]<\/p>\n<h3>Graikija<\/h3>\n<h2>Regional Directorate of Primary and Secondary Education of Western Macedonia<\/h2>\n<p>Vakar\u0173 Makedonijos regioninis pradinio ir vidurinio ugdymo direktoratas yra regionin\u0117 \u0161vietimo organizacija, atsakinga u\u017e vis\u0173 \u0160vietimo ministerijos mokykl\u0173 ir decentralizuot\u0173 strukt\u016br\u0173 administracin\u0119 ir \u0161vietimo prie\u017ei\u016br\u0105. Jos pagrindinis tikslas &#8211; koordinuoti ir \u012fgyvendinti Graikijos \u0161vietimo ministerijos \u0161vietimo politik\u0105 ir \u012fgyvendinti \u012fvairias \u0161vietimo iniciatyvas. Organizacija, atsakinga u\u017e 410 pradini\u0173 ir 126 vidurines mokyklas, glaud\u017eiai bendradarbiauja su Specialiojo ugdymo pagalbos centrais, Aplinkos ir tvarumo ugdymo centrais ir Direktorato \u0161vietimo inovacij\u0173 centrais, regiono mokyklomis ir pri\u017ei\u016brimomis \u012fstaigomis bei imasi iniciatyv\u0173, kuriomis siekiama u\u017etikrinti, kad mokytojai b\u016bt\u0173 informuoti apie inovatyvi\u0105 \u0161vietimo politik\u0105 ir veiksmingai tenkint\u0173 \u0161iuolaikin\u0117s mokini\u0173 bendruomen\u0117s ugdymo poreikius.  <\/p>\n<p>[\/et_pb_text][et_pb_button button_url=&#8221;https:\/\/dmaked.pde.sch.gr\/&#8221; url_new_window=&#8221;on&#8221; button_text=&#8221;Svetain\u0117&#8221; button_alignment=&#8221;left&#8221; _builder_version=&#8221;4.25.1&#8243; _module_preset=&#8221;31f1572d-2caf-494e-ad72-1604fe4492d6&#8243; button_icon=&#8221;&#x24;||divi||400&#8243; button_icon_placement=&#8221;right&#8221; custom_margin=&#8221;2px||||false|false&#8221; custom_css_main_element=&#8221;padding-left: 0px;||&#8221; custom_css_after=&#8221;border: 1px solid black;||background-color: #fffaec;||border-radius: 50%;||margin-top: -15px;||padding: 15px 21px;&#8221; locked=&#8221;off&#8221; global_colors_info=&#8221;{}&#8221;][\/et_pb_button][\/et_pb_column][\/et_pb_row][et_pb_row column_structure=&#8221;1_3,2_3&#8243; _builder_version=&#8221;4.25.1&#8243; _module_preset=&#8221;default&#8221; background_color=&#8221;#FFFAEC&#8221; custom_padding=&#8221;25px|25px|25px|25px|true|true&#8221; border_radii=&#8221;off|||10px|10px&#8221; global_colors_info=&#8221;{}&#8221;][et_pb_column type=&#8221;1_3&#8243; _builder_version=&#8221;4.25.1&#8243; _module_preset=&#8221;default&#8221; global_colors_info=&#8221;{}&#8221;][et_pb_image src=&#8221;https:\/\/psytales.eu\/wp-content\/uploads\/2024\/05\/14553121_859082767564786_729612981066792960_a.png&#8221; title_text=&#8221;logo-footer&#8221; align=&#8221;center&#8221; _builder_version=&#8221;4.25.1&#8243; _module_preset=&#8221;default&#8221; global_colors_info=&#8221;{}&#8221;][\/et_pb_image][\/et_pb_column][et_pb_column type=&#8221;2_3&#8243; _builder_version=&#8221;4.25.1&#8243; _module_preset=&#8221;default&#8221; global_colors_info=&#8221;{}&#8221;][et_pb_text _builder_version=&#8221;4.27.0&#8243; _module_preset=&#8221;default&#8221; text_font_size=&#8221;1.1em&#8221; header_3_font_size=&#8221;1.2em&#8221; global_colors_info=&#8221;{}&#8221;]<\/p>\n<h3>Airija<\/h3>\n<h2>Irish Primary Principals Network (IPPN)<\/h2>\n<p>Airijos pradini\u0173 mokykl\u0173 direktori\u0173 tinklas (IPPN) yra Airijos pradini\u0173 mokykl\u0173 vadov\u0173 profesin\u0117 organizacija. Tai nepriklausoma, pelno nesiekianti, savanori\u0161ka asociacija, veikianti vietos, regioniniu ir nacionaliniu lygmeniu. \u0160vietimo ministro pripa\u017eintas oficialiu \u0161vietimo partneriu, IPPN bendradarbiauja su \u0160vietimo departamentu, Nacionaline t\u0117v\u0173 taryba, valdymo institucijomis, profs\u0105jungomis, \u0161vietimo agent\u016bromis, mokslo \u012fstaigomis ir vaik\u0173 labdaros organizacijomis, siekdamas pradinio ugdymo pa\u017eangos. IPPN jungia daugiau kaip 6&nbsp;400 direktori\u0173 ir direktori\u0173 pavaduotoj\u0173 \u017einias ir profesin\u0119 patirt\u012f.   <\/p>\n<p>&nbsp;<\/p>\n<p>[\/et_pb_text][et_pb_button button_url=&#8221;https:\/\/www.ippn.ie\/&#8221; url_new_window=&#8221;on&#8221; button_text=&#8221;Svetain\u0117&#8221; button_alignment=&#8221;left&#8221; _builder_version=&#8221;4.27.0&#8243; _module_preset=&#8221;31f1572d-2caf-494e-ad72-1604fe4492d6&#8243; button_icon=&#8221;&#x24;||divi||400&#8243; button_icon_placement=&#8221;right&#8221; custom_margin=&#8221;2px||||false|false&#8221; custom_css_main_element=&#8221;padding-left: 0px;||&#8221; custom_css_after=&#8221;border: 1px solid black;||background-color: #fffaec;||border-radius: 50%;||margin-top: -15px;||padding: 15px 21px;&#8221; locked=&#8221;off&#8221; global_colors_info=&#8221;{}&#8221;][\/et_pb_button][\/et_pb_column][\/et_pb_row][\/et_pb_section]<\/p>","protected":false},"excerpt":{"rendered":"<p>Airija Royal College of Surgeons in Ireland &#8222;Times Higher Education&#8221; (THE) sudarytame 2023 m. universitet\u0173 poveikio reitinge RCSI Medicinos ir sveikatos moksl\u0173 universitetas u\u017e\u0117m\u0117 pirm\u0105j\u0105 viet\u0105 pasaulyje pagal ind\u0117l\u012f \u012f JT darnaus vystymosi tiksl\u0105 Nr. 3 &#8222;Gera sveikata ir gerov\u0117&#8221;. RCSI yra tarptautinis pelno nesiekiantis universitetas, kurio pagrindin\u0117 b\u016bstin\u0117 \u012fsik\u016brusi Dubline ir kurio i\u0161skirtinis d\u0117mesys [&hellip;]<\/p>","protected":false},"author":1,"featured_media":0,"parent":0,"menu_order":0,"comment_status":"closed","ping_status":"closed","template":"","meta":{"_acf_changed":false,"_et_pb_use_builder":"on","_et_pb_old_content":"","_et_gb_content_width":"","footnotes":""},"class_list":["post-580","page","type-page","status-publish","hentry"],"acf":[],"_links":{"self":[{"href":"https:\/\/psytales.eu\/lt\/wp-json\/wp\/v2\/pages\/580","targetHints":{"allow":["GET"]}}],"collection":[{"href":"https:\/\/psytales.eu\/lt\/wp-json\/wp\/v2\/pages"}],"about":[{"href":"https:\/\/psytales.eu\/lt\/wp-json\/wp\/v2\/types\/page"}],"author":[{"embeddable":true,"href":"https:\/\/psytales.eu\/lt\/wp-json\/wp\/v2\/users\/1"}],"replies":[{"embeddable":true,"href":"https:\/\/psytales.eu\/lt\/wp-json\/wp\/v2\/comments?post=580"}],"version-history":[{"count":16,"href":"https:\/\/psytales.eu\/lt\/wp-json\/wp\/v2\/pages\/580\/revisions"}],"predecessor-version":[{"id":2270,"href":"https:\/\/psytales.eu\/lt\/wp-json\/wp\/v2\/pages\/580\/revisions\/2270"}],"wp:attachment":[{"href":"https:\/\/psytales.eu\/lt\/wp-json\/wp\/v2\/media?parent=580"}],"curies":[{"name":"wp","href":"https:\/\/api.w.org\/{rel}","templated":true}]}}