{"id":583,"date":"2024-06-03T13:34:25","date_gmt":"2024-06-03T13:34:25","guid":{"rendered":"https:\/\/psytales.eu\/psytales-projektas\/"},"modified":"2025-09-25T11:01:17","modified_gmt":"2025-09-25T11:01:17","slug":"psytales-projektas","status":"publish","type":"page","link":"https:\/\/psytales.eu\/lt\/psytales-projektas\/","title":{"rendered":"PsyTales Projektas"},"content":{"rendered":"<p>[et_pb_section fb_built=&#8221;1&#8243; _builder_version=&#8221;4.25.1&#8243; _module_preset=&#8221;default&#8221; background_color=&#8221;rgba(234,89,41,0.5)&#8221; global_colors_info=&#8221;{}&#8221;][et_pb_row _builder_version=&#8221;4.25.1&#8243; _module_preset=&#8221;default&#8221; global_colors_info=&#8221;{}&#8221;][et_pb_column type=&#8221;4_4&#8243; _builder_version=&#8221;4.25.1&#8243; _module_preset=&#8221;default&#8221; global_colors_info=&#8221;{}&#8221;][et_pb_post_title meta=&#8221;off&#8221; featured_image=&#8221;off&#8221; _builder_version=&#8221;4.25.1&#8243; _module_preset=&#8221;default&#8221; title_font=&#8221;|&#8211;et_global_heading_font_weight|||||||&#8221; title_text_color=&#8221;#2C2E35&#8243; title_font_size=&#8221;35px&#8221; locked=&#8221;off&#8221; global_colors_info=&#8221;{}&#8221;][\/et_pb_post_title][\/et_pb_column][\/et_pb_row][et_pb_row column_structure=&#8221;1_3,2_3&#8243; make_equal=&#8221;on&#8221; _builder_version=&#8221;4.25.1&#8243; _module_preset=&#8221;default&#8221; background_color=&#8221;#FFFAEC&#8221; custom_padding=&#8221;25px|25px|25px|25px|true|true&#8221; border_radii=&#8221;off|10px|10px||&#8221; global_colors_info=&#8221;{}&#8221;][et_pb_column type=&#8221;1_3&#8243; _builder_version=&#8221;4.25.1&#8243; _module_preset=&#8221;default&#8221; custom_css_main_element=&#8221;align-self: center;&#8221; global_colors_info=&#8221;{}&#8221;][et_pb_image src=&#8221;https:\/\/psytales.eu\/wp-content\/uploads\/2024\/06\/Fichier-1-HD.png&#8221; title_text=&#8221;Fichier 1 HD&#8221; align=&#8221;center&#8221; _builder_version=&#8221;4.25.1&#8243; _module_preset=&#8221;default&#8221; max_width=&#8221;270px&#8221; global_colors_info=&#8221;{}&#8221;][\/et_pb_image][\/et_pb_column][et_pb_column type=&#8221;2_3&#8243; _builder_version=&#8221;4.25.1&#8243; _module_preset=&#8221;default&#8221; global_colors_info=&#8221;{}&#8221;][et_pb_text _builder_version=&#8221;4.25.1&#8243; _module_preset=&#8221;default&#8221; text_font_size=&#8221;1.1em&#8221; header_3_font_size=&#8221;1.2em&#8221; global_colors_info=&#8221;{}&#8221;]<\/p>\n<p>&#8222;PsyTales&#8221; &#8211; tai projektas, skirtas ra\u0161yti 33 pasakas 9-12 met\u0173 jaunimui, \u012fkv\u0117ptas pozityviosios psichologijos (mokslas apie gerov\u0119, skatinantis klest\u0117jim\u0105 ir ma\u017einantis psichikos ligas) ir gyvensenos medicinos (mokslas apie sveikat\u0105, padedantis i\u0161vengti su gyvenimo b\u016bdu susijusi\u0173 lig\u0173, toki\u0173 kaip diabetas, \u0161irdies ir kraujagysli\u0173 ligos bei v\u0117\u017eys). \u0160i\u0173 pasak\u0173 tikslas &#8211; ne tik pad\u0117ti mokiniams valdyti stres\u0105, nerim\u0105 ir i\u0161\u0161\u016bkius, bet ir pad\u0117ti jiems klest\u0117ti, suteikiant psichologini\u0173 i\u0161tekli\u0173, toki\u0173 kaip optimizmas, charakterio stipryb\u0117s, viltis ir geb\u0117jimas atpa\u017einti tokias emocijas kaip baim\u0117. \u012etraukian\u010diomis istorijomis su prasmingomis \u012f\u017evalgomis ir iliustracijomis &#8222;PsyTales&#8221; padeda mokiniams ir pedagogams stiprinti sveikat\u0105 ir gerov\u0119 mokykloje. Be to, projekte pateikiamos i\u0161samios rekomendacijos mokytojams, u\u017etikrinan\u010dios veiksming\u0105 \u0161i\u0173 pasak\u0173 \u012fgyvendinim\u0105 klas\u0117je.   <\/p>\n<p>PsyTales apjungia \u0161e\u0161i\u0173 organizacij\u0173 i\u0161 penki\u0173 ES \u0161ali\u0173 patirt\u012f: Karali\u0161kojo chirurg\u0173 koled\u017eo (Airija), SCS LogoPsyCom (Belgija), Les Apprimeurs (Pranc\u016bzija), Vakar\u0173 Makedonijos regionin\u0117s pradinio ir vidurinio ugdymo direkcijos (Graikija), Airijos pradini\u0173 mokykl\u0173 direktori\u0173 tinklo (Airija) ir Kauno \u0161vietimo inovacij\u0173 centro (Lietuva). \u0160ios organizacijos turi didel\u0119 patirt\u012f pana\u0161iuose ES \u0161vietimo projektuose, tod\u0117l u\u017etikrina, kad PsyTales b\u016bt\u0173 \u012fgyvendinamas laikantis teorini\u0173 ir praktini\u0173 reikalavim\u0173. <\/p>\n<p><span> <\/span><\/p>\n<p>[\/et_pb_text][et_pb_button button_url=&#8221;@ET-DC@eyJkeW5hbWljIjp0cnVlLCJjb250ZW50IjoicG9zdF9saW5rX3VybF9wYWdlIiwic2V0dGluZ3MiOnsicG9zdF9pZCI6IjE0In19@&#8221; url_new_window=&#8221;on&#8221; button_text=&#8221;Partneriai&#8221; button_alignment=&#8221;right&#8221; _builder_version=&#8221;4.25.1&#8243; _dynamic_attributes=&#8221;button_url&#8221; _module_preset=&#8221;31f1572d-2caf-494e-ad72-1604fe4492d6&#8243; button_icon=&#8221;&#x24;||divi||400&#8243; button_icon_placement=&#8221;right&#8221; positioning=&#8221;relative&#8221; horizontal_offset=&#8221;-30px&#8221; custom_margin=&#8221;2px||||false|false&#8221; custom_css_main_element=&#8221;padding-left: 0px;||&#8221; custom_css_after=&#8221;border: 1px solid black;||background-color: #fffaec;||border-radius: 50%;||margin-top: -15px;||padding: 15px 21px;&#8221; locked=&#8221;off&#8221; global_colors_info=&#8221;{}&#8221;][\/et_pb_button][\/et_pb_column][\/et_pb_row][et_pb_row column_structure=&#8221;2_3,1_3&#8243; _builder_version=&#8221;4.25.1&#8243; _module_preset=&#8221;default&#8221; background_color=&#8221;#FFFAEC&#8221; custom_padding=&#8221;25px|25px|25px|25px|true|true&#8221; border_radii=&#8221;off|||10px|10px&#8221; global_colors_info=&#8221;{}&#8221;][et_pb_column type=&#8221;2_3&#8243; _builder_version=&#8221;4.25.1&#8243; _module_preset=&#8221;default&#8221; global_colors_info=&#8221;{}&#8221;][et_pb_text _builder_version=&#8221;4.25.1&#8243; _module_preset=&#8221;default&#8221; text_font_size=&#8221;1.1em&#8221; header_3_font_size=&#8221;1.2em&#8221; global_colors_info=&#8221;{}&#8221;]<\/p>\n<p>\u0160\u012f projekt\u0105 paskatino vis did\u0117jantis visuomen\u0117s spaudimas, d\u0117l kurio besimokantis jaunimas patiria didel\u012f stres\u0105. Tyrimai rodo, kad tarp vaik\u0173 ir paaugli\u0173 yra daug psichikos sveikatos problem\u0173, o paaugliai patiria didesn\u012f stres\u0105 nei suaugusieji. Projektas skirtas \u0161iai did\u0117jan\u010diai Europos jaunimo psichikos sveikatos krizei, kuri\u0105 dar labiau paa\u0161trino COVID-19 pandemija. Iki pandemijos 16 proc. 12-24 met\u0173 am\u017eiaus europie\u010di\u0173 susid\u016br\u0117 su tokiomis psichikos sveikatos problemomis kaip nerimas ir depresija, o pandemija \u0161ias problemas dar labiau paa\u0161trino, tod\u0117l i\u0161ry\u0161k\u0117jo neatid\u0117liotinas veiksming\u0173 intervencini\u0173 priemoni\u0173 poreikis. Pagrindinis &#8222;PsyTales&#8221; tikslas &#8211; suteikti mokiniams priemoni\u0173, kurios pad\u0117t\u0173 u\u017ekirsti keli\u0105 ir pagerinti j\u0173 sveikat\u0105 bei gerov\u0119 kritiniu laikotarpiu pereinant i\u0161 pradin\u0117s \u012f vidurin\u0119 mokykl\u0105.    <\/p>\n<p>&#8222;PsyTales&#8221; tikslas &#8211; ugdyti mokini\u0173 psichologin\u012f atsparum\u0105, pad\u0117ti jiems klest\u0117ti, veiksmingai valdyti stres\u0105 ir pasiruo\u0161ti \u012fveikti vidurin\u0117s mokyklos i\u0161\u0161\u016bkius. Tokiu b\u016bdu siekiama suma\u017einti mokyklos nebaigusi\u0173 asmen\u0173 skai\u010di\u0173, u\u017ekirsti keli\u0105 nerimui ir depresijai, pad\u0117ti pagrind\u0105 visaver\u010diam gyvenimui. Projekto metu bus parengta med\u017eiaga ir metodikos, skirtos informuoti pedagogus apie dabartin\u0119 psichikos sveikatos situacij\u0105 ir suteikti priemones, kurios pad\u0117s pagerinti mokini\u0173 gerov\u0119 ir savireguliacijos \u012fg\u016bd\u017eius. Remiantis Europos iniciatyva &#8222;Sveikesni kartu&#8221; ir \u012ftraukiant pozityviosios psichologijos bei gyvensenos medicinos principus, \u0161iomis priemon\u0117mis bus ugdomas atsparumas pasitelkiant asmeninius, socialinius ir mokymosi mokytis \u012fg\u016bd\u017eius, padedan\u010dius mokiniams jaustis labiau pasitikin\u010diais savimi, geban\u010diais, atsakingais ir remiamais savo mokymosi kelyje.   <\/p>\n<p>&#8222;PsyTales&#8221; tikslas &#8211; ugdyti mokini\u0173 psichologin\u012f atsparum\u0105, pad\u0117ti jiems klest\u0117ti, veiksmingai valdyti stres\u0105 ir pasiruo\u0161ti \u012fveikti vidurin\u0117s mokyklos i\u0161\u0161\u016bkius. Tokiu b\u016bdu siekiama suma\u017einti mokyklos nebaigusi\u0173 asmen\u0173 skai\u010di\u0173, u\u017ekirsti keli\u0105 nerimui ir depresijai, pad\u0117ti pagrind\u0105 visaver\u010diam gyvenimui. Projekto metu bus parengta med\u017eiaga ir metodikos, skirtos informuoti pedagogus apie dabartin\u0119 psichikos sveikatos situacij\u0105 ir suteikti priemones, kurios pad\u0117s pagerinti mokini\u0173 gerov\u0119 ir savireguliacijos \u012fg\u016bd\u017eius. Remiantis Europos iniciatyva &#8222;Sveikesni kartu&#8221; ir \u012ftraukiant pozityviosios psichologijos bei gyvensenos medicinos principus, \u0161iomis priemon\u0117mis bus ugdomas atsparumas pasitelkiant asmeninius, socialinius ir mokymosi mokytis \u012fg\u016bd\u017eius, padedan\u010dius mokiniams jaustis labiau pasitikin\u010diais savimi, geban\u010diais, atsakingais ir remiamais savo mokymosi kelyje.  <\/p>\n<p>[\/et_pb_text][\/et_pb_column][et_pb_column type=&#8221;1_3&#8243; _builder_version=&#8221;4.25.1&#8243; _module_preset=&#8221;default&#8221; global_colors_info=&#8221;{}&#8221;][et_pb_image src=&#8221;https:\/\/psytales.eu\/wp-content\/uploads\/2024\/06\/Fichier-23.png&#8221; title_text=&#8221;Fichier 23&#8243; _builder_version=&#8221;4.25.1&#8243; _module_preset=&#8221;default&#8221; width=&#8221;45%&#8221; global_colors_info=&#8221;{}&#8221;][\/et_pb_image][et_pb_image src=&#8221;https:\/\/psytales.eu\/wp-content\/uploads\/2024\/06\/Fichier-22.png&#8221; title_text=&#8221;Fichier 22&#8243; _builder_version=&#8221;4.25.1&#8243; _module_preset=&#8221;default&#8221; positioning=&#8221;relative&#8221; vertical_offset=&#8221;-93px&#8221; horizontal_offset=&#8221;82px&#8221; width=&#8221;60%&#8221; global_colors_info=&#8221;{}&#8221;][\/et_pb_image][et_pb_image src=&#8221;https:\/\/psytales.eu\/wp-content\/uploads\/2024\/06\/Fichier-16.png&#8221; title_text=&#8221;Fichier 16&#8243; _builder_version=&#8221;4.25.1&#8243; _module_preset=&#8221;default&#8221; positioning=&#8221;relative&#8221; vertical_offset=&#8221;-57px&#8221; horizontal_offset=&#8221;130px&#8221; vertical_offset_tablet=&#8221;-471px&#8221; vertical_offset_phone=&#8221;-471px&#8221; vertical_offset_last_edited=&#8221;on|tablet&#8221; horizontal_offset_tablet=&#8221;309px&#8221; horizontal_offset_phone=&#8221;309px&#8221; horizontal_offset_last_edited=&#8221;on|tablet&#8221; width=&#8221;40%&#8221; global_colors_info=&#8221;{}&#8221;][\/et_pb_image][et_pb_image src=&#8221;https:\/\/psytales.eu\/wp-content\/uploads\/2024\/06\/Fichier-8.png&#8221; title_text=&#8221;Fichier 8&#8243; _builder_version=&#8221;4.25.1&#8243; _module_preset=&#8221;default&#8221; positioning=&#8221;relative&#8221; vertical_offset=&#8221;-117px&#8221; vertical_offset_tablet=&#8221;-538px&#8221; vertical_offset_phone=&#8221;-538px&#8221; vertical_offset_last_edited=&#8221;on|tablet&#8221; horizontal_offset_tablet=&#8221;278px&#8221; horizontal_offset_phone=&#8221;278px&#8221; horizontal_offset_last_edited=&#8221;on|tablet&#8221; global_colors_info=&#8221;{}&#8221;][\/et_pb_image][\/et_pb_column][\/et_pb_row][\/et_pb_section]<\/p>","protected":false},"excerpt":{"rendered":"<p>&#8222;PsyTales&#8221; &#8211; tai projektas, skirtas ra\u0161yti 33 pasakas 9-12 met\u0173 jaunimui, \u012fkv\u0117ptas pozityviosios psichologijos (mokslas apie gerov\u0119, skatinantis klest\u0117jim\u0105 ir ma\u017einantis psichikos ligas) ir gyvensenos medicinos (mokslas apie sveikat\u0105, padedantis i\u0161vengti su gyvenimo b\u016bdu susijusi\u0173 lig\u0173, toki\u0173 kaip diabetas, \u0161irdies ir kraujagysli\u0173 ligos bei v\u0117\u017eys). \u0160i\u0173 pasak\u0173 tikslas &#8211; ne tik pad\u0117ti mokiniams valdyti stres\u0105, [&hellip;]<\/p>","protected":false},"author":1,"featured_media":0,"parent":0,"menu_order":0,"comment_status":"closed","ping_status":"closed","template":"","meta":{"_acf_changed":false,"_et_pb_use_builder":"on","_et_pb_old_content":"","_et_gb_content_width":"","footnotes":""},"class_list":["post-583","page","type-page","status-publish","hentry"],"acf":[],"_links":{"self":[{"href":"https:\/\/psytales.eu\/lt\/wp-json\/wp\/v2\/pages\/583","targetHints":{"allow":["GET"]}}],"collection":[{"href":"https:\/\/psytales.eu\/lt\/wp-json\/wp\/v2\/pages"}],"about":[{"href":"https:\/\/psytales.eu\/lt\/wp-json\/wp\/v2\/types\/page"}],"author":[{"embeddable":true,"href":"https:\/\/psytales.eu\/lt\/wp-json\/wp\/v2\/users\/1"}],"replies":[{"embeddable":true,"href":"https:\/\/psytales.eu\/lt\/wp-json\/wp\/v2\/comments?post=583"}],"version-history":[{"count":6,"href":"https:\/\/psytales.eu\/lt\/wp-json\/wp\/v2\/pages\/583\/revisions"}],"predecessor-version":[{"id":2277,"href":"https:\/\/psytales.eu\/lt\/wp-json\/wp\/v2\/pages\/583\/revisions\/2277"}],"wp:attachment":[{"href":"https:\/\/psytales.eu\/lt\/wp-json\/wp\/v2\/media?parent=583"}],"curies":[{"name":"wp","href":"https:\/\/api.w.org\/{rel}","templated":true}]}}