{"id":609,"date":"2024-05-20T14:32:49","date_gmt":"2024-05-20T14:32:49","guid":{"rendered":"https:\/\/psytales.eu\/kontaktai\/"},"modified":"2024-06-11T09:31:16","modified_gmt":"2024-06-11T09:31:16","slug":"kontaktai","status":"publish","type":"page","link":"https:\/\/psytales.eu\/lt\/kontaktai\/","title":{"rendered":"Kontaktai"},"content":{"rendered":"<p>[et_pb_section fb_built=&#8221;1&#8243; _builder_version=&#8221;4.25.1&#8243; _module_preset=&#8221;default&#8221; background_color=&#8221;#FFFAEC&#8221; global_colors_info=&#8221;{}&#8221;][et_pb_row _builder_version=&#8221;4.25.1&#8243; _module_preset=&#8221;default&#8221; global_colors_info=&#8221;{}&#8221;][et_pb_column type=&#8221;4_4&#8243; _builder_version=&#8221;4.25.1&#8243; _module_preset=&#8221;default&#8221; global_colors_info=&#8221;{}&#8221;][et_pb_post_title meta=&#8221;off&#8221; featured_image=&#8221;off&#8221; _builder_version=&#8221;4.25.1&#8243; _module_preset=&#8221;default&#8221; title_font=&#8221;|&#8211;et_global_heading_font_weight|||||||&#8221; title_text_color=&#8221;#2C2E35&#8243; title_font_size=&#8221;35px&#8221; locked=&#8221;off&#8221; global_colors_info=&#8221;{}&#8221;][\/et_pb_post_title][et_pb_text _builder_version=&#8221;4.25.1&#8243; _module_preset=&#8221;default&#8221; text_font_size=&#8221;1.1em&#8221; global_colors_info=&#8221;{}&#8221;]<\/p>\n<p>Norite susisiekti su mumis arba i\u0161bandyti m\u016bs\u0173 i\u0161teklius?<br \/>Laukiame j\u016bs\u0173 atsakym\u0173! Susisieksime su jumis kuo grei\u010diau. \u2764\ufe0f  <\/p>\n<p>[\/et_pb_text][et_pb_contact_form email=&#8221;karine@lapprimerie.com&#8221; custom_message=&#8221;From Psytales&#8221; success_message=&#8221;D\u0117kojame, susisieksime su jumis kuo grei\u010diau.&#8221; submit_button_text=&#8221;Siunt\u0117jas&#8221; _builder_version=&#8221;4.25.1&#8243; _module_preset=&#8221;default&#8221; _unique_id=&#8221;2116474f-e38c-42f9-a2ee-ffea8b5736d9&#8243; form_field_background_color=&#8221;#FFFFFF&#8221; form_field_text_color=&#8221;#2C2E35&#8243; custom_button=&#8221;on&#8221; button_text_size=&#8221;16px&#8221; button_text_color=&#8221;#2C2E35&#8243; button_bg_color=&#8221;#FFE600&#8243; button_border_width=&#8221;0px&#8221; button_border_radius=&#8221;50px&#8221; button_font=&#8221;|700|||||||&#8221; button_icon=&#8221;&#x24;||divi||400&#8243; button_icon_color=&#8221;#2C2E35&#8243; button_on_hover=&#8221;off&#8221; max_width=&#8221;680px&#8221; hover_enabled=&#8221;0&#8243; custom_css_free_form=&#8221;.et_pb_contact .et_pb_contact_field_half {||    width: 100%;||    float: left;||}||||.et_pb_contact_submit.et_pb_button {||  padding-left: 0px;||}||.et_pb_contact_submit.et_pb_button::after {||  border: 1px solid black;||background-color: #fffaec;||border-radius: 50%;||margin-top: -15px;||padding: 15px 21px;||}||||.et_contact_bottom_container {||  float:left;||  padding-left: 16px;||}&#8221; border_radii=&#8221;on|10px|10px|10px|10px&#8221; global_colors_info=&#8221;{}&#8221; border_color_all=&#8221;#2C2E35&#8243; border_width_all=&#8221;1px&#8221; sticky_enabled=&#8221;0&#8243;][et_pb_contact_field field_id=&#8221;Name&#8221; field_title=&#8221;Pavadinimas&#8221; _builder_version=&#8221;4.16&#8243; global_colors_info=&#8221;{}&#8221; button_text_size__hover_enabled=&#8221;off&#8221; button_one_text_size__hover_enabled=&#8221;off&#8221; button_two_text_size__hover_enabled=&#8221;off&#8221; button_text_color__hover_enabled=&#8221;off&#8221; button_one_text_color__hover_enabled=&#8221;off&#8221; button_two_text_color__hover_enabled=&#8221;off&#8221; button_border_width__hover_enabled=&#8221;off&#8221; button_one_border_width__hover_enabled=&#8221;off&#8221; button_two_border_width__hover_enabled=&#8221;off&#8221; button_border_color__hover_enabled=&#8221;off&#8221; button_one_border_color__hover_enabled=&#8221;off&#8221; button_two_border_color__hover_enabled=&#8221;off&#8221; button_border_radius__hover_enabled=&#8221;off&#8221; button_one_border_radius__hover_enabled=&#8221;off&#8221; button_two_border_radius__hover_enabled=&#8221;off&#8221; button_letter_spacing__hover_enabled=&#8221;off&#8221; button_one_letter_spacing__hover_enabled=&#8221;off&#8221; button_two_letter_spacing__hover_enabled=&#8221;off&#8221; button_bg_color__hover_enabled=&#8221;off&#8221; button_one_bg_color__hover_enabled=&#8221;off&#8221; button_two_bg_color__hover_enabled=&#8221;off&#8221;][\/et_pb_contact_field][et_pb_contact_field field_id=&#8221;Email&#8221; field_title=&#8221;Elektroninis pa\u0161tas&#8221; field_type=&#8221;email&#8221; _builder_version=&#8221;4.16&#8243; global_colors_info=&#8221;{}&#8221; button_text_size__hover_enabled=&#8221;off&#8221; button_one_text_size__hover_enabled=&#8221;off&#8221; button_two_text_size__hover_enabled=&#8221;off&#8221; button_text_color__hover_enabled=&#8221;off&#8221; button_one_text_color__hover_enabled=&#8221;off&#8221; button_two_text_color__hover_enabled=&#8221;off&#8221; button_border_width__hover_enabled=&#8221;off&#8221; button_one_border_width__hover_enabled=&#8221;off&#8221; button_two_border_width__hover_enabled=&#8221;off&#8221; button_border_color__hover_enabled=&#8221;off&#8221; button_one_border_color__hover_enabled=&#8221;off&#8221; button_two_border_color__hover_enabled=&#8221;off&#8221; button_border_radius__hover_enabled=&#8221;off&#8221; button_one_border_radius__hover_enabled=&#8221;off&#8221; button_two_border_radius__hover_enabled=&#8221;off&#8221; button_letter_spacing__hover_enabled=&#8221;off&#8221; button_one_letter_spacing__hover_enabled=&#8221;off&#8221; button_two_letter_spacing__hover_enabled=&#8221;off&#8221; button_bg_color__hover_enabled=&#8221;off&#8221; button_one_bg_color__hover_enabled=&#8221;off&#8221; button_two_bg_color__hover_enabled=&#8221;off&#8221;][\/et_pb_contact_field][et_pb_contact_field field_id=&#8221;Message&#8221; field_title=&#8221;\u017dinut\u0117&#8221; field_type=&#8221;text&#8221; fullwidth_field=&#8221;on&#8221; _builder_version=&#8221;4.16&#8243; global_colors_info=&#8221;{}&#8221; button_text_size__hover_enabled=&#8221;off&#8221; button_one_text_size__hover_enabled=&#8221;off&#8221; button_two_text_size__hover_enabled=&#8221;off&#8221; button_text_color__hover_enabled=&#8221;off&#8221; button_one_text_color__hover_enabled=&#8221;off&#8221; button_two_text_color__hover_enabled=&#8221;off&#8221; button_border_width__hover_enabled=&#8221;off&#8221; button_one_border_width__hover_enabled=&#8221;off&#8221; button_two_border_width__hover_enabled=&#8221;off&#8221; button_border_color__hover_enabled=&#8221;off&#8221; button_one_border_color__hover_enabled=&#8221;off&#8221; button_two_border_color__hover_enabled=&#8221;off&#8221; button_border_radius__hover_enabled=&#8221;off&#8221; button_one_border_radius__hover_enabled=&#8221;off&#8221; button_two_border_radius__hover_enabled=&#8221;off&#8221; button_letter_spacing__hover_enabled=&#8221;off&#8221; button_one_letter_spacing__hover_enabled=&#8221;off&#8221; button_two_letter_spacing__hover_enabled=&#8221;off&#8221; button_bg_color__hover_enabled=&#8221;off&#8221; button_one_bg_color__hover_enabled=&#8221;off&#8221; button_two_bg_color__hover_enabled=&#8221;off&#8221;][\/et_pb_contact_field][et_pb_contact_field field_id=&#8221;consent_box&#8221; field_title=&#8221;Gav\u0117jas&#8221; field_type=&#8221;checkbox&#8221; checkbox_options=&#8221;%91{%22value%22:%22Sutinku, kad \u0161i informacija gali b\u016bti naudojama \\%22Psytales\\%22 projektui susisiekti su manimi.%22,%22checked%22:0,%22dragID%22:-1,%22link_url%22:%22%22,%22link_text%22:%22%22}%93&#8243; fullwidth_field=&#8221;on&#8221; conditional_logic=&#8221;on&#8221; conditional_logic_relation=&#8221;on&#8221; conditional_logic_rules=&#8221;%91{%22field%22:%22name%22,%22condition%22:%22is not empty%22,%22value%22:%22%22},{%22field%22:%22email%22,%22condition%22:%22is not empty%22,%22value%22:%22%22},{%22field%22:%22message%22,%22condition%22:%22is not empty%22,%22value%22:%22%22}%93&#8243; _builder_version=&#8221;4.25.1&#8243; _module_preset=&#8221;default&#8221; global_colors_info=&#8221;{}&#8221;][\/et_pb_contact_field][\/et_pb_contact_form][\/et_pb_column][\/et_pb_row][\/et_pb_section]<\/p>","protected":false},"excerpt":{"rendered":"<p>Norite susisiekti su mumis arba i\u0161bandyti m\u016bs\u0173 i\u0161teklius?Laukiame j\u016bs\u0173 atsakym\u0173! Susisieksime su jumis kuo grei\u010diau. \u2764\ufe0f<\/p>","protected":false},"author":1,"featured_media":0,"parent":0,"menu_order":0,"comment_status":"closed","ping_status":"closed","template":"","meta":{"_acf_changed":false,"_et_pb_use_builder":"on","_et_pb_old_content":"","_et_gb_content_width":"","footnotes":""},"class_list":["post-609","page","type-page","status-publish","hentry"],"acf":[],"_links":{"self":[{"href":"https:\/\/psytales.eu\/lt\/wp-json\/wp\/v2\/pages\/609","targetHints":{"allow":["GET"]}}],"collection":[{"href":"https:\/\/psytales.eu\/lt\/wp-json\/wp\/v2\/pages"}],"about":[{"href":"https:\/\/psytales.eu\/lt\/wp-json\/wp\/v2\/types\/page"}],"author":[{"embeddable":true,"href":"https:\/\/psytales.eu\/lt\/wp-json\/wp\/v2\/users\/1"}],"replies":[{"embeddable":true,"href":"https:\/\/psytales.eu\/lt\/wp-json\/wp\/v2\/comments?post=609"}],"version-history":[{"count":2,"href":"https:\/\/psytales.eu\/lt\/wp-json\/wp\/v2\/pages\/609\/revisions"}],"predecessor-version":[{"id":611,"href":"https:\/\/psytales.eu\/lt\/wp-json\/wp\/v2\/pages\/609\/revisions\/611"}],"wp:attachment":[{"href":"https:\/\/psytales.eu\/lt\/wp-json\/wp\/v2\/media?parent=609"}],"curies":[{"name":"wp","href":"https:\/\/api.w.org\/{rel}","templated":true}]}}